{"id":38450,"date":"2025-01-28T14:05:42","date_gmt":"2025-01-28T13:05:42","guid":{"rendered":"https:\/\/www.icarectg.com\/aviso-legal\/"},"modified":"2025-09-18T12:50:44","modified_gmt":"2025-09-18T10:50:44","slug":"aviso-legal","status":"publish","type":"page","link":"https:\/\/www.icarectg.com\/pt-pt\/aviso-legal\/","title":{"rendered":"Aviso legal"},"content":{"rendered":"\t\t<div data-elementor-type=\"wp-page\" data-elementor-id=\"38450\" class=\"elementor elementor-38450 elementor-35\" data-elementor-post-type=\"page\">\n\t\t\t\t<div class=\"elementor-element elementor-element-49cba6a e-flex e-con-boxed e-con e-parent\" data-id=\"49cba6a\" data-element_type=\"container\" data-e-type=\"container\">\n\t\t\t\t\t<div class=\"e-con-inner\">\n\t\t\t\t<div class=\"elementor-element elementor-element-cb5b781 elementor-widget elementor-widget-text-editor\" data-id=\"cb5b781\" data-element_type=\"widget\" data-e-type=\"widget\" data-widget_type=\"text-editor.default\">\n\t\t\t\t<div class=\"elementor-widget-container\">\n\t\t\t\t\t\t\t\t\t<h4>CONDI\u00c7\u00d5ES DE UTILIZA\u00c7\u00c3O<\/h4>\n<p>Em cumprimento da Lei 34\/2002, de 11 de julho, dos Servi\u00e7os da Sociedade da Informa\u00e7\u00e3o e do Com\u00e9rcio Eletr\u00f3nico (LSSI-CE), a ICARECTG TRAINNING SL. informa que \u00e9 titular do s\u00edtio Web WWW.ICARECTG.COM. De acordo com a exig\u00eancia do artigo 10.\u00ba da referida Lei, a ICARECTG TRAINNING SL. informa os seguintes dados:<br>O titular deste s\u00edtio Web \u00e9 a ICARECTG TRAINNING SL., com NIF B-67450288 e sede social em Av Rep\u00fablica Argentina, 15 2-2 08023 Barcelona. O endere\u00e7o de correio eletr\u00f3nico de contacto com a empresa \u00e9: &#73;&#x4e;&#x46;O&#64;&#x49;C&#65;&#x52;&#x45;&#67;&#x54;&#x47;&#46;&#67;&#x4f;M.   <\/p>\n<p> <\/p>\n<h4>Utilizador e regime de responsabilidades<\/h4>\n<p>A navega\u00e7\u00e3o, o acesso e a utiliza\u00e7\u00e3o do s\u00edtio Web da ICARECTG TRAINNING SL. conferem a condi\u00e7\u00e3o de utilizador, pela qual se aceitam, desde a navega\u00e7\u00e3o pelo s\u00edtio Web da ICARECTG TRAINNING SL., todas as condi\u00e7\u00f5es de utiliza\u00e7\u00e3o aqui estabelecidas, sem preju\u00edzo da aplica\u00e7\u00e3o da correspondente legisla\u00e7\u00e3o de cumprimento legal obrigat\u00f3rio, consoante o caso.<\/p>\n<p>O s\u00edtio Web da ICARECTG TRAINNING SL. proporciona uma grande diversidade de informa\u00e7\u00f5es, servi\u00e7os e dados. O utilizador assume a sua responsabilidade na utiliza\u00e7\u00e3o correta do s\u00edtio Web. Esta responsabilidade estender-se-\u00e1 a:   <\/p>\n<ul>\n<li>A veracidade e licitude das informa\u00e7\u00f5es prestadas pelo utilizador nos formul\u00e1rios disponibilizados pela ICARECTG TRAINNING SL. para o acesso a determinados conte\u00fados ou servi\u00e7os oferecidos pelo Web. <\/li>\n<li>A utiliza\u00e7\u00e3o da informa\u00e7\u00e3o, dos servi\u00e7os e dos dados oferecidos pela ICARECTG TRAINNING SL. contrariamente ao disposto pelas presentes condi\u00e7\u00f5es, a Lei, a moral, os bons costumes ou a ordem p\u00fablica, ou que de qualquer outro modo possam supor les\u00e3o dos direitos de terceiros ou do pr\u00f3prio funcionamento do s\u00edtio Web. <\/li>\n<\/ul>\n<p> <\/p>\n<h4>Pol\u00edtica de links e isen\u00e7\u00f5es de responsabilidade<\/h4>\n<p>A ICARECTG TRAINNING SL. n\u00e3o se responsabiliza pelo conte\u00fado dos s\u00edtios Web aos quais o utilizador possa aceder atrav\u00e9s dos links estabelecidos no seu s\u00edtio Web e declara que, em nenhum caso, proceder\u00e1 a examinar ou a exercer qualquer tipo de controlo sobre o conte\u00fado de outros s\u00edtios da rede. Al\u00e9m disso, tamb\u00e9m n\u00e3o garantir\u00e1 a disponibilidade t\u00e9cnica, exatid\u00e3o, veracidade, validade ou legalidade de s\u00edtios alheios \u00e0 sua propriedade aos quais se possa aceder por meio dos links.  <\/p>\n<p>A ICARECTG TRAINNING SL. declara ter adotado todas as medidas necess\u00e1rias para evitar qualquer dano aos utilizadores do seu s\u00edtio Web, que possam decorrer da navega\u00e7\u00e3o pelo seu s\u00edtio Web. Por conseguinte, a ICARECTG TRAINNING SL. n\u00e3o se responsabiliza, em nenhum caso, pelos eventuais danos que a navega\u00e7\u00e3o pela Internet possa causar ao utilizador.   <\/p>\n<p> <\/p>\n<h4>Modifica\u00e7\u00f5es<\/h4>\n<p>A ICARECTG TRAINNING SL. reserva-se o direito de realizar as modifica\u00e7\u00f5es que considere oportunas, sem aviso pr\u00e9vio, no conte\u00fado do seu s\u00edtio Web. Tanto no que se refere aos conte\u00fados do s\u00edtio Web, como nas condi\u00e7\u00f5es de utiliza\u00e7\u00e3o do mesmo, ou nas condi\u00e7\u00f5es gerais de contrata\u00e7\u00e3o. Tais modifica\u00e7\u00f5es poder\u00e3o ser realizadas atrav\u00e9s do seu s\u00edtio Web por qualquer forma admiss\u00edvel em direito e ser\u00e3o de cumprimento obrigat\u00f3rio durante o tempo em que se encontrem publicadas no Web e at\u00e9 que n\u00e3o sejam modificadas validamente por outras posteriores.   <\/p>\n<p> <\/p>\n<h4>Servi\u00e7os de reserva pela Internet<\/h4>\n<p>Determinados conte\u00fados do website da ICARECTG TRAINNING SL. cont\u00eam a possibilidade de reservar pela Internet. A utiliza\u00e7\u00e3o dos mesmos exigir\u00e1 a leitura e a aceita\u00e7\u00e3o obrigat\u00f3ria das condi\u00e7\u00f5es gerais de reserva estabelecidas para o efeito pela ICARECTG TRAINNING SL..  <\/p>\n<p> <\/p>\n<h4>Prote\u00e7\u00e3o de dados<\/h4>\n<p>Em conformidade com o estabelecido na legisla\u00e7\u00e3o vigente em Prote\u00e7\u00e3o de Dados de Car\u00e1cter Pessoal, informamos que os seus dados ser\u00e3o incorporados no sistema de tratamento titularidade da ICARECTG TRAINNING SL. com NIF 47715762P e sede social sita em Av Rep\u00fablica Argentina, 15 2-2 08023 Barcelona, com a finalidade de poder facilitar, agilizar e cumprir os compromissos estabelecidos entre ambas as partes. Em cumprimento com a legisla\u00e7\u00e3o vigente, a ICARECTG TRAINNING SL. informa que os dados ser\u00e3o conservados durante o prazo estritamente necess\u00e1rio para cumprir os preceitos mencionados com anterioridade.   <\/p>\n<p>A ICARECTG TRAINNING SL. informa que proceder\u00e1 ao tratamento dos dados de maneira l\u00edcita, leal, transparente, adequada, pertinente, limitada, exata e atualizada. \u00c9 por isso que a ICARECTG TRAINNING SL. se compromete a adotar todas as medidas razo\u00e1veis para que estes se suprimam ou retifiquem sem demora quando sejam inexatos.   <\/p>\n<p>De acordo com os direitos que lhe confere a legisla\u00e7\u00e3o vigente em prote\u00e7\u00e3o de dados, poder\u00e1 exercer os direitos de acesso, retifica\u00e7\u00e3o, limita\u00e7\u00e3o de tratamento, supress\u00e3o, portabilidade e oposi\u00e7\u00e3o ao tratamento dos seus dados de car\u00e1cter pessoal, assim como do consentimento prestado para o tratamento dos mesmos, dirigindo o seu pedido para a morada postal indicada mais acima ou para o correio eletr\u00f3nico &#x49;&#78;F&#x4f;&#64;I&#x43;&#65;R&#x45;&#67;T&#x47;&#46;C&#x4f;&#x4d;.<\/p>\n<p>Poder\u00e1 dirigir-se \u00e0 Autoridade de Controlo competente para apresentar a reclama\u00e7\u00e3o que considere oportuna.<\/p>\n<p> <\/p>\n<h4>Certificado SSL (Secure Sockets Layer)<\/h4>\n<p>O CERTIFICADO SSL proporciona autentica\u00e7\u00e3o, privacidade e seguran\u00e7a da informa\u00e7\u00e3o entre a ICARECTG TRAINNING SL. e o utilizador. <\/p>\n<p>A ICARECTG TRAINNING SL. disp\u00f5e de um certificado de seguran\u00e7a que \u00e9 utilizado pelo CERTIFICADO SSL para realizar liga\u00e7\u00f5es seguras. <\/p>\n<p>Neste processo, estabelecem-se v\u00e1rios par\u00e2metros para realizar a liga\u00e7\u00e3o de forma segura e estabelece-se usando chaves pr\u00e9-estabelecidas, codificando e descodificando todos os dados enviados at\u00e9 que a liga\u00e7\u00e3o seja encerrada.<\/p>\n<p> <\/p>\n<h4>Propriedade intelectual e industrial<\/h4>\n<p>A ICARECTG TRAINNING SL., por si mesma ou como cession\u00e1ria, \u00e9 titular de todos os direitos de propriedade intelectual e industrial da sua p\u00e1gina Web, assim como dos elementos contidos na mesma (a t\u00edtulo enunciativo, imagens, som, \u00e1udio, v\u00eddeo, software ou textos; marcas ou log\u00f3tipos, combina\u00e7\u00f5es de cores, estrutura e design, sele\u00e7\u00e3o de materiais usados, programas de computador necess\u00e1rios para o seu funcionamento, acesso e utiliza\u00e7\u00e3o, etc.), titularidade da ICARECTG TRAINNING SL.. Ser\u00e3o, por conseguinte, obras protegidas como propriedade intelectual pelo<br>ordenamento jur\u00eddico espanhol, sendo-lhes aplic\u00e1veis tanto a legisla\u00e7\u00e3o espanhola e comunit\u00e1ria neste campo, como os tratados internacionais relativos \u00e0 mat\u00e9ria e subscritos por Espanha.<\/p>\n<p>Todos os direitos reservados. Em virtude do disposto na Lei da Propriedade Intelectual, ficam expressamente proibidas a reprodu\u00e7\u00e3o, a distribui\u00e7\u00e3o e a comunica\u00e7\u00e3o p\u00fablica, incluindo a sua modalidade de coloca\u00e7\u00e3o \u00e0 disposi\u00e7\u00e3o, da totalidade ou parte dos conte\u00fados desta p\u00e1gina Web, com fins comerciais, em qualquer suporte e por qualquer meio t\u00e9cnico, sem a autoriza\u00e7\u00e3o da ICARECTG TRAINNING SL.. <\/p>\n<p>O utilizador compromete-se a respeitar os direitos de Propriedade Intelectual e Industrial titularidade da ICARECTG TRAINNING SL.. Poder\u00e1 visualizar os elementos do portal e, inclusive, imprimi-los, copi\u00e1-los e armazen\u00e1-los no disco r\u00edgido do seu computador ou em qualquer outro suporte f\u00edsico, sempre e quando seja, \u00fanica e exclusivamente, para seu uso pessoal e privado. O utilizador dever\u00e1 abster-se de suprimir, alterar, iludir ou manipular qualquer dispositivo de prote\u00e7\u00e3o ou sistema de seguran\u00e7a que estivesse instalado nas p\u00e1ginas da ICARECTG TRAINNING SL..<br>A\u00e7\u00f5es legais, legisla\u00e7\u00e3o aplic\u00e1vel e jurisdi\u00e7\u00e3o<\/p>\n<p>A ICARECTG TRAINNING SL. reserva-se, igualmente, a faculdade de apresentar as a\u00e7\u00f5es civis ou penais que considere oportunas pela utiliza\u00e7\u00e3o indevida do seu s\u00edtio Web e conte\u00fados, ou pelo incumprimento das presentes condi\u00e7\u00f5es.<br>A rela\u00e7\u00e3o entre o utilizador e o prestador reger-se-\u00e1 pela legisla\u00e7\u00e3o vigente e de aplica\u00e7\u00e3o no territ\u00f3rio espanhol. Caso surja alguma controv\u00e9rsia, as partes poder\u00e3o submeter os seus conflitos a arbitragem ou recorrer \u00e0 jurisdi\u00e7\u00e3o ordin\u00e1ria, cumprindo as normas sobre jurisdi\u00e7\u00e3o e compet\u00eancia a respeito. A ICARECTG TRAINNING SL. tem o seu domic\u00edlio em BARCELONA, Espanha.    <\/p>\t\t\t\t\t\t\t\t<\/div>\n\t\t\t\t<\/div>\n\t\t\t\t\t<\/div>\n\t\t\t\t<\/div>\n\t\t\t\t<\/div>\n\t\t","protected":false},"excerpt":{"rendered":"<p>CONDI\u00c7\u00d5ES DE UTILIZA\u00c7\u00c3O Em cumprimento da Lei 34\/2002, de 11 de julho, dos Servi\u00e7os da Sociedade da Informa\u00e7\u00e3o e do Com\u00e9rcio Eletr\u00f3nico (LSSI-CE), a ICARECTG TRAINNING SL. informa que \u00e9 titular do s\u00edtio Web WWW.ICARECTG.COM. De acordo com a exig\u00eancia do artigo 10.\u00ba da referida Lei, a ICARECTG TRAINNING SL. informa os seguintes dados:O titular [&hellip;]<\/p>\n","protected":false},"author":1,"featured_media":0,"parent":0,"menu_order":0,"comment_status":"closed","ping_status":"closed","template":"","meta":{"footnotes":""},"class_list":["post-38450","page","type-page","status-publish","hentry"],"yoast_head":"<!-- This site is optimized with the Yoast SEO plugin v26.3 - https:\/\/yoast.com\/wordpress\/plugins\/seo\/ -->\n<title>Aviso legal - icareCTG<\/title>\n<meta name=\"robots\" content=\"noindex, nofollow\" \/>\n<meta property=\"og:locale\" content=\"pt_PT\" \/>\n<meta property=\"og:type\" content=\"article\" \/>\n<meta property=\"og:title\" content=\"Aviso legal - icareCTG\" \/>\n<meta property=\"og:description\" content=\"CONDI\u00c7\u00d5ES DE UTILIZA\u00c7\u00c3O Em cumprimento da Lei 34\/2002, de 11 de julho, dos Servi\u00e7os da Sociedade da Informa\u00e7\u00e3o e do Com\u00e9rcio Eletr\u00f3nico (LSSI-CE), a ICARECTG TRAINNING SL. informa que \u00e9 titular do s\u00edtio Web WWW.ICARECTG.COM. De acordo com a exig\u00eancia do artigo 10.\u00ba da referida Lei, a ICARECTG TRAINNING SL. informa os seguintes dados:O titular [&hellip;]\" \/>\n<meta property=\"og:url\" content=\"https:\/\/www.icarectg.com\/pt-pt\/aviso-legal\/\" \/>\n<meta property=\"og:site_name\" content=\"icareCTG\" \/>\n<meta property=\"article:modified_time\" content=\"2025-09-18T10:50:44+00:00\" \/>\n<meta name=\"twitter:card\" content=\"summary_large_image\" \/>\n<meta name=\"twitter:label1\" content=\"Tempo estimado de leitura\" \/>\n\t<meta name=\"twitter:data1\" content=\"7 minutos\" \/>\n<script type=\"application\/ld+json\" class=\"yoast-schema-graph\">{\"@context\":\"https:\/\/schema.org\",\"@graph\":[{\"@type\":\"WebPage\",\"@id\":\"https:\/\/www.icarectg.com\/pt-pt\/aviso-legal\/\",\"url\":\"https:\/\/www.icarectg.com\/pt-pt\/aviso-legal\/\",\"name\":\"Aviso legal - icareCTG\",\"isPartOf\":{\"@id\":\"https:\/\/www.icarectg.com\/pt-pt\/#website\"},\"datePublished\":\"2025-01-28T13:05:42+00:00\",\"dateModified\":\"2025-09-18T10:50:44+00:00\",\"breadcrumb\":{\"@id\":\"https:\/\/www.icarectg.com\/pt-pt\/aviso-legal\/#breadcrumb\"},\"inLanguage\":\"pt-PT\",\"potentialAction\":[{\"@type\":\"ReadAction\",\"target\":[\"https:\/\/www.icarectg.com\/pt-pt\/aviso-legal\/\"]}]},{\"@type\":\"BreadcrumbList\",\"@id\":\"https:\/\/www.icarectg.com\/pt-pt\/aviso-legal\/#breadcrumb\",\"itemListElement\":[{\"@type\":\"ListItem\",\"position\":1,\"name\":\"Portada\",\"item\":\"https:\/\/www.icarectg.com\/pt-pt\/\"},{\"@type\":\"ListItem\",\"position\":2,\"name\":\"Aviso legal\"}]},{\"@type\":\"WebSite\",\"@id\":\"https:\/\/www.icarectg.com\/pt-pt\/#website\",\"url\":\"https:\/\/www.icarectg.com\/pt-pt\/\",\"name\":\"icareCTG\",\"description\":\"Interpretaci\u00f3n de registros cardiotocogr\u00e1ficos (RCTG) basado en fisiopatolog\u00eda\",\"publisher\":{\"@id\":\"https:\/\/www.icarectg.com\/pt-pt\/#organization\"},\"potentialAction\":[{\"@type\":\"SearchAction\",\"target\":{\"@type\":\"EntryPoint\",\"urlTemplate\":\"https:\/\/www.icarectg.com\/pt-pt\/?s={search_term_string}\"},\"query-input\":{\"@type\":\"PropertyValueSpecification\",\"valueRequired\":true,\"valueName\":\"search_term_string\"}}],\"inLanguage\":\"pt-PT\"},{\"@type\":\"Organization\",\"@id\":\"https:\/\/www.icarectg.com\/pt-pt\/#organization\",\"name\":\"icareCTG\",\"url\":\"https:\/\/www.icarectg.com\/pt-pt\/\",\"logo\":{\"@type\":\"ImageObject\",\"inLanguage\":\"pt-PT\",\"@id\":\"https:\/\/www.icarectg.com\/pt-pt\/#\/schema\/logo\/image\/\",\"url\":\"https:\/\/www.icarectg.com\/wp-content\/uploads\/2025\/01\/Asset-5.svg\",\"contentUrl\":\"https:\/\/www.icarectg.com\/wp-content\/uploads\/2025\/01\/Asset-5.svg\",\"width\":411,\"height\":166,\"caption\":\"icareCTG\"},\"image\":{\"@id\":\"https:\/\/www.icarectg.com\/pt-pt\/#\/schema\/logo\/image\/\"}}]}<\/script>\n<!-- \/ Yoast SEO plugin. -->","yoast_head_json":{"title":"Aviso legal - icareCTG","robots":{"index":"noindex","follow":"nofollow"},"og_locale":"pt_PT","og_type":"article","og_title":"Aviso legal - icareCTG","og_description":"CONDI\u00c7\u00d5ES DE UTILIZA\u00c7\u00c3O Em cumprimento da Lei 34\/2002, de 11 de julho, dos Servi\u00e7os da Sociedade da Informa\u00e7\u00e3o e do Com\u00e9rcio Eletr\u00f3nico (LSSI-CE), a ICARECTG TRAINNING SL. informa que \u00e9 titular do s\u00edtio Web WWW.ICARECTG.COM. De acordo com a exig\u00eancia do artigo 10.\u00ba da referida Lei, a ICARECTG TRAINNING SL. informa os seguintes dados:O titular [&hellip;]","og_url":"https:\/\/www.icarectg.com\/pt-pt\/aviso-legal\/","og_site_name":"icareCTG","article_modified_time":"2025-09-18T10:50:44+00:00","twitter_card":"summary_large_image","twitter_misc":{"Tempo estimado de leitura":"7 minutos"},"schema":{"@context":"https:\/\/schema.org","@graph":[{"@type":"WebPage","@id":"https:\/\/www.icarectg.com\/pt-pt\/aviso-legal\/","url":"https:\/\/www.icarectg.com\/pt-pt\/aviso-legal\/","name":"Aviso legal - icareCTG","isPartOf":{"@id":"https:\/\/www.icarectg.com\/pt-pt\/#website"},"datePublished":"2025-01-28T13:05:42+00:00","dateModified":"2025-09-18T10:50:44+00:00","breadcrumb":{"@id":"https:\/\/www.icarectg.com\/pt-pt\/aviso-legal\/#breadcrumb"},"inLanguage":"pt-PT","potentialAction":[{"@type":"ReadAction","target":["https:\/\/www.icarectg.com\/pt-pt\/aviso-legal\/"]}]},{"@type":"BreadcrumbList","@id":"https:\/\/www.icarectg.com\/pt-pt\/aviso-legal\/#breadcrumb","itemListElement":[{"@type":"ListItem","position":1,"name":"Portada","item":"https:\/\/www.icarectg.com\/pt-pt\/"},{"@type":"ListItem","position":2,"name":"Aviso legal"}]},{"@type":"WebSite","@id":"https:\/\/www.icarectg.com\/pt-pt\/#website","url":"https:\/\/www.icarectg.com\/pt-pt\/","name":"icareCTG","description":"Interpretaci\u00f3n de registros cardiotocogr\u00e1ficos (RCTG) basado en fisiopatolog\u00eda","publisher":{"@id":"https:\/\/www.icarectg.com\/pt-pt\/#organization"},"potentialAction":[{"@type":"SearchAction","target":{"@type":"EntryPoint","urlTemplate":"https:\/\/www.icarectg.com\/pt-pt\/?s={search_term_string}"},"query-input":{"@type":"PropertyValueSpecification","valueRequired":true,"valueName":"search_term_string"}}],"inLanguage":"pt-PT"},{"@type":"Organization","@id":"https:\/\/www.icarectg.com\/pt-pt\/#organization","name":"icareCTG","url":"https:\/\/www.icarectg.com\/pt-pt\/","logo":{"@type":"ImageObject","inLanguage":"pt-PT","@id":"https:\/\/www.icarectg.com\/pt-pt\/#\/schema\/logo\/image\/","url":"https:\/\/www.icarectg.com\/wp-content\/uploads\/2025\/01\/Asset-5.svg","contentUrl":"https:\/\/www.icarectg.com\/wp-content\/uploads\/2025\/01\/Asset-5.svg","width":411,"height":166,"caption":"icareCTG"},"image":{"@id":"https:\/\/www.icarectg.com\/pt-pt\/#\/schema\/logo\/image\/"}}]}},"_links":{"self":[{"href":"https:\/\/www.icarectg.com\/pt-pt\/wp-json\/wp\/v2\/pages\/38450","targetHints":{"allow":["GET"]}}],"collection":[{"href":"https:\/\/www.icarectg.com\/pt-pt\/wp-json\/wp\/v2\/pages"}],"about":[{"href":"https:\/\/www.icarectg.com\/pt-pt\/wp-json\/wp\/v2\/types\/page"}],"author":[{"embeddable":true,"href":"https:\/\/www.icarectg.com\/pt-pt\/wp-json\/wp\/v2\/users\/1"}],"replies":[{"embeddable":true,"href":"https:\/\/www.icarectg.com\/pt-pt\/wp-json\/wp\/v2\/comments?post=38450"}],"version-history":[{"count":1,"href":"https:\/\/www.icarectg.com\/pt-pt\/wp-json\/wp\/v2\/pages\/38450\/revisions"}],"predecessor-version":[{"id":38451,"href":"https:\/\/www.icarectg.com\/pt-pt\/wp-json\/wp\/v2\/pages\/38450\/revisions\/38451"}],"wp:attachment":[{"href":"https:\/\/www.icarectg.com\/pt-pt\/wp-json\/wp\/v2\/media?parent=38450"}],"curies":[{"name":"wp","href":"https:\/\/api.w.org\/{rel}","templated":true}]}}