{"id":38448,"date":"2025-02-13T16:10:13","date_gmt":"2025-02-13T15:10:13","guid":{"rendered":"https:\/\/www.icarectg.com\/enviar-ctg\/"},"modified":"2025-09-18T13:09:00","modified_gmt":"2025-09-18T11:09:00","slug":"enviar-ctg","status":"publish","type":"page","link":"https:\/\/www.icarectg.com\/pt-pt\/enviar-ctg\/","title":{"rendered":"Enviar CTG"},"content":{"rendered":"\t\t<div data-elementor-type=\"wp-page\" data-elementor-id=\"38448\" class=\"elementor elementor-38448 elementor-36897\" data-elementor-post-type=\"page\">\n\t\t\t\t<div class=\"elementor-element elementor-element-2469bb4 e-con-full e-flex e-con e-parent\" data-id=\"2469bb4\" data-element_type=\"container\" data-e-type=\"container\" data-settings=\"{&quot;background_background&quot;:&quot;classic&quot;}\">\n\t\t<div class=\"elementor-element elementor-element-540fd39 e-flex e-con-boxed e-con e-child\" data-id=\"540fd39\" data-element_type=\"container\" data-e-type=\"container\">\n\t\t\t\t\t<div class=\"e-con-inner\">\n\t\t<div class=\"elementor-element elementor-element-b29cef8 e-con-full e-flex e-con e-child\" data-id=\"b29cef8\" data-element_type=\"container\" data-e-type=\"container\">\n\t\t\t\t<div class=\"elementor-element elementor-element-decaed8 elementor-widget elementor-widget-heading\" data-id=\"decaed8\" data-element_type=\"widget\" data-e-type=\"widget\" data-widget_type=\"heading.default\">\n\t\t\t\t<div class=\"elementor-widget-container\">\n\t\t\t\t\t<h1 class=\"elementor-heading-title elementor-size-default\">Quer que analisemos o seu TCGF?<\/h1>\t\t\t\t<\/div>\n\t\t\t\t<\/div>\n\t\t\t\t<\/div>\n\t\t\t\t\t<\/div>\n\t\t\t\t<\/div>\n\t\t\t\t<\/div>\n\t\t<div class=\"elementor-element elementor-element-94fc53e e-con-full e-flex e-con e-parent\" data-id=\"94fc53e\" data-element_type=\"container\" data-e-type=\"container\" data-settings=\"{&quot;background_background&quot;:&quot;classic&quot;}\">\n\t\t<div class=\"elementor-element elementor-element-c94d395 e-flex e-con-boxed e-con e-child\" data-id=\"c94d395\" data-element_type=\"container\" data-e-type=\"container\">\n\t\t\t\t\t<div class=\"e-con-inner\">\n\t\t<div class=\"elementor-element elementor-element-2cdbc2e e-con-full e-flex e-con e-child\" data-id=\"2cdbc2e\" data-element_type=\"container\" data-e-type=\"container\">\n\t\t\t\t<div class=\"elementor-element elementor-element-5d4d519 elementor-widget elementor-widget-text-editor\" data-id=\"5d4d519\" data-element_type=\"widget\" data-e-type=\"widget\" data-widget_type=\"text-editor.default\">\n\t\t\t\t<div class=\"elementor-widget-container\">\n\t\t\t\t\t\t\t\t\t<p>Para nos enviar o caso, <a href=\"https:\/\/www.icarectg.com\/wp-content\/uploads\/2025\/02\/Plantilla.zip\" target=\"_blank\" rel=\"noopener\">descarregue este modelo<\/a> de PowerPoint e preencha-o com o CTG e as informa\u00e7\u00f5es que solicitamos. Depois, preencha o formul\u00e1rio e, no final, anexe o modelo. Se o tamanho for superior a 10 MB, envie-o para &#x72;&#x63;&#116;&#103;&#64;i&#x63;&#x61;&#x72;&#101;ct&#x67;&#x2e;&#x63;&#111;&#109; atrav\u00e9s de <a href=\"https:\/\/wetransfer.com\/\" target=\"_blank\" rel=\"noopener\">wetransfer<\/a> a partir do seu pr\u00f3prio e-mail.  <\/p><p>Por favor, tenha cuidado para evitar que apare\u00e7am dados da paciente. Para que as imagens se vejam bem, o melhor \u00e9 descarreg\u00e1-las a partir do computador de monitoriza\u00e7\u00e3o centralizada. Se n\u00e3o dispuser dele, pode fotografar o registo em papel, mas tente evitar que saiam sombras e flash.  <\/p>\t\t\t\t\t\t\t\t<\/div>\n\t\t\t\t<\/div>\n\t\t\t\t<\/div>\n\t\t<div class=\"elementor-element elementor-element-d4586f8 e-con-full e-flex e-con e-child\" data-id=\"d4586f8\" data-element_type=\"container\" data-e-type=\"container\">\n\t\t\t\t<div class=\"elementor-element elementor-element-273575a elementor-button-align-center elementor-widget elementor-widget-form\" data-id=\"273575a\" data-element_type=\"widget\" data-e-type=\"widget\" data-settings=\"{&quot;step_next_label&quot;:&quot;Seguinte&quot;,&quot;step_previous_label&quot;:&quot;Anterior&quot;,&quot;step_type&quot;:&quot;number_text&quot;,&quot;step_icon_shape&quot;:&quot;circle&quot;}\" data-widget_type=\"form.default\">\n\t\t\t\t<div class=\"elementor-widget-container\">\n\t\t\t\t\t\t\t<form class=\"elementor-form\" method=\"post\" name=\"rctg\" aria-label=\"rctg\">\n\t\t\t<input type=\"hidden\" name=\"post_id\" value=\"38448\"\/>\n\t\t\t<input type=\"hidden\" name=\"form_id\" value=\"273575a\"\/>\n\t\t\t<input type=\"hidden\" name=\"referer_title\" value=\"Enviar TCGF para an\u00e1lise - Interpreta\u00e7\u00e3o baseada na fisiopatologia\" \/>\n\n\t\t\t\t\t\t\t<input type=\"hidden\" name=\"queried_id\" value=\"38448\"\/>\n\t\t\t\n\t\t\t<div class=\"elementor-form-fields-wrapper elementor-labels-above\">\n\t\t\t\t\t\t\t\t<div class=\"elementor-field-type-step elementor-field-group elementor-column elementor-field-group-datos_contacto elementor-col-100\">\n\t\t\t\t\t\t\t<div class=\"e-field-step elementor-hidden\" data-label=\"Os seus dados de contacto\" data-previousButton=\"\" data-nextButton=\"\" data-iconUrl=\"\" data-iconLibrary=\"fas fa-star\" data-icon=\"&lt;svg class=&quot;e-font-icon-svg e-fas-star&quot; viewBox=&quot;0 0 576 512&quot; xmlns=&quot;http:\/\/www.w3.org\/2000\/svg&quot;&gt;&lt;path d=&quot;M259.3 17.8L194 150.2 47.9 171.5c-26.2 3.8-36.7 36.1-17.7 54.6l105.7 103-25 145.5c-4.5 26.3 23.2 46 46.4 33.7L288 439.6l130.7 68.7c23.2 12.2 50.9-7.4 46.4-33.7l-25-145.5 105.7-103c19-18.5 8.5-50.8-17.7-54.6L382 150.2 316.7 17.8c-11.7-23.6-45.6-23.9-57.4 0z&quot;&gt;&lt;\/path&gt;&lt;\/svg&gt;\" ><\/div>\n\n\t\t\t\t\t\t<\/div>\n\t\t\t\t\t\t\t\t<div class=\"elementor-field-type-text elementor-field-group elementor-column elementor-field-group-name elementor-col-100 elementor-field-required\">\n\t\t\t\t\t\t\t\t\t\t\t\t<label for=\"form-field-name\" class=\"elementor-field-label\">\n\t\t\t\t\t\t\t\tNome e apelidos:\t\t\t\t\t\t\t<\/label>\n\t\t\t\t\t\t\t\t\t\t\t\t\t\t<input size=\"1\" type=\"text\" name=\"form_fields[name]\" id=\"form-field-name\" class=\"elementor-field elementor-size-sm  elementor-field-textual\" required=\"required\">\n\t\t\t\t\t\t\t\t\t\t\t<\/div>\n\t\t\t\t\t\t\t\t<div class=\"elementor-field-type-email elementor-field-group elementor-column elementor-field-group-email elementor-col-100 elementor-field-required\">\n\t\t\t\t\t\t\t\t\t\t\t\t<label for=\"form-field-email\" class=\"elementor-field-label\">\n\t\t\t\t\t\t\t\tE-mail:\t\t\t\t\t\t\t<\/label>\n\t\t\t\t\t\t\t\t\t\t\t\t\t\t<input size=\"1\" type=\"email\" name=\"form_fields[email]\" id=\"form-field-email\" class=\"elementor-field elementor-size-sm  elementor-field-textual\" required=\"required\">\n\t\t\t\t\t\t\t\t\t\t\t<\/div>\n\t\t\t\t\t\t\t\t<div class=\"elementor-field-type-tel elementor-field-group elementor-column elementor-field-group-tel elementor-col-100 elementor-field-required\">\n\t\t\t\t\t\t\t\t\t\t\t\t<label for=\"form-field-tel\" class=\"elementor-field-label\">\n\t\t\t\t\t\t\t\tTelefone:\t\t\t\t\t\t\t<\/label>\n\t\t\t\t\t\t\t\t<input size=\"1\" type=\"tel\" name=\"form_fields[tel]\" id=\"form-field-tel\" class=\"elementor-field elementor-size-sm  elementor-field-textual\" required=\"required\" pattern=\"[0-9()#&amp;+*-=.]+\" title=\"Only numbers and phone characters (#, -, *, etc) are accepted.\">\n\n\t\t\t\t\t\t<\/div>\n\t\t\t\t\t\t\t\t<div class=\"elementor-field-type-step elementor-field-group elementor-column elementor-field-group-resultado elementor-col-100\">\n\t\t\t\t\t\t\t<div class=\"e-field-step elementor-hidden\" data-label=\"O caso\" data-previousButton=\"\" data-nextButton=\"\" data-iconUrl=\"\" data-iconLibrary=\"fas fa-star\" data-icon=\"&lt;svg class=&quot;e-font-icon-svg e-fas-star&quot; viewBox=&quot;0 0 576 512&quot; xmlns=&quot;http:\/\/www.w3.org\/2000\/svg&quot;&gt;&lt;path d=&quot;M259.3 17.8L194 150.2 47.9 171.5c-26.2 3.8-36.7 36.1-17.7 54.6l105.7 103-25 145.5c-4.5 26.3 23.2 46 46.4 33.7L288 439.6l130.7 68.7c23.2 12.2 50.9-7.4 46.4-33.7l-25-145.5 105.7-103c19-18.5 8.5-50.8-17.7-54.6L382 150.2 316.7 17.8c-11.7-23.6-45.6-23.9-57.4 0z&quot;&gt;&lt;\/path&gt;&lt;\/svg&gt;\" ><\/div>\n\n\t\t\t\t\t\t<\/div>\n\t\t\t\t\t\t\t\t<div class=\"elementor-field-type-text elementor-field-group elementor-column elementor-field-group-porque elementor-col-100\">\n\t\t\t\t\t\t\t\t\t\t\t\t<label for=\"form-field-porque\" class=\"elementor-field-label\">\n\t\t\t\t\t\t\t\tPor que raz\u00e3o este registo lhe pareceu interessante?\t\t\t\t\t\t\t<\/label>\n\t\t\t\t\t\t\t\t\t\t\t\t\t\t<input size=\"1\" type=\"text\" name=\"form_fields[porque]\" id=\"form-field-porque\" class=\"elementor-field elementor-size-sm  elementor-field-textual\">\n\t\t\t\t\t\t\t\t\t\t\t<\/div>\n\t\t\t\t\t\t\t\t<div class=\"elementor-field-type-step elementor-field-group elementor-column elementor-field-group-adjunto elementor-col-100\">\n\t\t\t\t\t\t\t<div class=\"e-field-step elementor-hidden\" data-label=\"Anexe o modelo\" data-previousButton=\"\" data-nextButton=\"\" data-iconUrl=\"\" data-iconLibrary=\"fas fa-star\" data-icon=\"&lt;svg class=&quot;e-font-icon-svg e-fas-star&quot; viewBox=&quot;0 0 576 512&quot; xmlns=&quot;http:\/\/www.w3.org\/2000\/svg&quot;&gt;&lt;path d=&quot;M259.3 17.8L194 150.2 47.9 171.5c-26.2 3.8-36.7 36.1-17.7 54.6l105.7 103-25 145.5c-4.5 26.3 23.2 46 46.4 33.7L288 439.6l130.7 68.7c23.2 12.2 50.9-7.4 46.4-33.7l-25-145.5 105.7-103c19-18.5 8.5-50.8-17.7-54.6L382 150.2 316.7 17.8c-11.7-23.6-45.6-23.9-57.4 0z&quot;&gt;&lt;\/path&gt;&lt;\/svg&gt;\" ><\/div>\n\n\t\t\t\t\t\t<\/div>\n\t\t\t\t\t\t\t\t<div class=\"elementor-field-type-upload elementor-field-group elementor-column elementor-field-group-archivo elementor-col-100\">\n\t\t\t\t\t\t\t\t\t\t\t\t<label for=\"form-field-archivo\" class=\"elementor-field-label\">\n\t\t\t\t\t\t\t\tCarregue aqui o seu modelo de PowerPoint com o CTG (peso m\u00e1ximo do arquivo: 2 MB):\t\t\t\t\t\t\t<\/label>\n\t\t\t\t\t\t\t\t<input type=\"file\" name=\"form_fields[archivo]\" id=\"form-field-archivo\" class=\"elementor-field elementor-size-sm  elementor-upload-field\" data-maxsize=\"2\" data-maxsize-message=\"This file exceeds the maximum allowed size.\">\n\n\t\t\t\t\t\t<\/div>\n\t\t\t\t\t\t\t\t<div class=\"elementor-field-type-recaptcha_v3 elementor-field-group elementor-column elementor-field-group-captcha elementor-col-100 recaptcha_v3-bottomright\">\n\t\t\t\t\t<div class=\"elementor-field\" id=\"form-field-captcha\"><div class=\"elementor-g-recaptcha\" data-sitekey=\"6Lf8ncwqAAAAAJYwCG_61P79AFP5ONUMPzQ4F_pC\" data-type=\"v3\" data-action=\"Form\" data-badge=\"bottomright\" data-size=\"invisible\"><\/div><\/div>\t\t\t\t<\/div>\n\t\t\t\t\t\t\t\t<div class=\"elementor-field-type-acceptance elementor-field-group elementor-column elementor-field-group-acepta_privacidad elementor-col-100 elementor-field-required\">\n\t\t\t\t\t\t\t<div class=\"elementor-field-subgroup\">\n\t\t\t<span class=\"elementor-field-option\">\n\t\t\t\t<input type=\"checkbox\" name=\"form_fields[acepta_privacidad]\" id=\"form-field-acepta_privacidad\" class=\"elementor-field elementor-size-sm  elementor-acceptance-field\" required=\"required\">\n\t\t\t\t<label for=\"form-field-acepta_privacidad\">Ao enviar este e-mail, AUTORIZO o tratamento das imagens monitorizadas com finalidades acad\u00e9micas na <a href=\"\/politica-de-privacidad\/\" target=\"_blank\">Pol\u00edtica de Privacidade<\/a> e comprometo-me a n\u00e3o incluir nenhuma imagem onde se possa ler o nome da paciente.<\/label>\t\t\t<\/span>\n\t\t<\/div>\n\t\t\t\t\t\t<\/div>\n\t\t\t\t\t\t\t\t<div class=\"elementor-field-group elementor-column elementor-field-type-submit elementor-col-100 e-form__buttons\">\n\t\t\t\t\t<button class=\"elementor-button elementor-size-sm\" type=\"submit\">\n\t\t\t\t\t\t<span class=\"elementor-button-content-wrapper\">\n\t\t\t\t\t\t\t\t\t\t\t\t\t\t\t\t\t\t\t\t\t\t<span class=\"elementor-button-text\">enviar<\/span>\n\t\t\t\t\t\t\t\t\t\t\t\t\t<\/span>\n\t\t\t\t\t<\/button>\n\t\t\t\t<\/div>\n\t\t\t<\/div>\n\t\t<\/form>\n\t\t\t\t\t\t<\/div>\n\t\t\t\t<\/div>\n\t\t\t\t<\/div>\n\t\t\t\t\t<\/div>\n\t\t\t\t<\/div>\n\t\t\t\t<\/div>\n\t\t\t\t<\/div>\n\t\t","protected":false},"excerpt":{"rendered":"<p>Quer que analisemos o seu TCGF? Para nos enviar o caso, descarregue este modelo de PowerPoint e preencha-o com o CTG e as informa\u00e7\u00f5es que solicitamos. Depois, preencha o formul\u00e1rio e, no final, anexe o modelo. Se o tamanho for superior a 10 MB, envie-o para &#x72;&#99;&#x74;&#x67;&#64;&#x69;&#99;a&#x72;&#101;c&#x74;&#103;&#46;&#x63;&#111;m atrav\u00e9s de wetransfer a partir do seu pr\u00f3prio [&hellip;]<\/p>\n","protected":false},"author":1,"featured_media":38267,"parent":0,"menu_order":0,"comment_status":"closed","ping_status":"closed","template":"","meta":{"footnotes":""},"class_list":["post-38448","page","type-page","status-publish","has-post-thumbnail","hentry"],"yoast_head":"<!-- This site is optimized with the Yoast SEO plugin v26.3 - https:\/\/yoast.com\/wordpress\/plugins\/seo\/ -->\n<title>Enviar TCGF para an\u00e1lise - Interpreta\u00e7\u00e3o baseada na fisiopatologia<\/title>\n<meta name=\"description\" content=\"Envie o seu TCGF de forma an\u00f3nima para an\u00e1lise. Aprenda com a nossa interpreta\u00e7\u00e3o baseada na fisiopatologia.\" \/>\n<meta name=\"robots\" content=\"index, follow, max-snippet:-1, max-image-preview:large, max-video-preview:-1\" \/>\n<link rel=\"canonical\" href=\"https:\/\/www.icarectg.com\/pt-pt\/enviar-ctg\/\" \/>\n<meta property=\"og:locale\" content=\"pt_PT\" \/>\n<meta property=\"og:type\" content=\"article\" \/>\n<meta property=\"og:title\" content=\"Enviar TCGF para an\u00e1lise - Interpreta\u00e7\u00e3o baseada na fisiopatologia\" \/>\n<meta property=\"og:description\" content=\"Envie o seu TCGF de forma an\u00f3nima para an\u00e1lise. Aprenda com a nossa interpreta\u00e7\u00e3o baseada na fisiopatologia.\" \/>\n<meta property=\"og:url\" content=\"https:\/\/www.icarectg.com\/pt-pt\/enviar-ctg\/\" \/>\n<meta property=\"og:site_name\" content=\"icareCTG\" \/>\n<meta property=\"article:modified_time\" content=\"2025-09-18T11:09:00+00:00\" \/>\n<meta property=\"og:image\" content=\"https:\/\/www.icarectg.com\/wp-content\/uploads\/2025\/02\/icare_thumb.png\" \/>\n\t<meta property=\"og:image:width\" content=\"1551\" \/>\n\t<meta property=\"og:image:height\" content=\"716\" \/>\n\t<meta property=\"og:image:type\" content=\"image\/png\" \/>\n<meta name=\"twitter:card\" content=\"summary_large_image\" \/>\n<meta name=\"twitter:label1\" content=\"Tempo estimado de leitura\" \/>\n\t<meta name=\"twitter:data1\" content=\"1 minuto\" \/>\n<script type=\"application\/ld+json\" class=\"yoast-schema-graph\">{\"@context\":\"https:\/\/schema.org\",\"@graph\":[{\"@type\":\"WebPage\",\"@id\":\"https:\/\/www.icarectg.com\/pt-pt\/enviar-ctg\/\",\"url\":\"https:\/\/www.icarectg.com\/pt-pt\/enviar-ctg\/\",\"name\":\"Enviar TCGF para an\u00e1lise - Interpreta\u00e7\u00e3o baseada na fisiopatologia\",\"isPartOf\":{\"@id\":\"https:\/\/www.icarectg.com\/pt-pt\/#website\"},\"primaryImageOfPage\":{\"@id\":\"https:\/\/www.icarectg.com\/pt-pt\/enviar-ctg\/#primaryimage\"},\"image\":{\"@id\":\"https:\/\/www.icarectg.com\/pt-pt\/enviar-ctg\/#primaryimage\"},\"thumbnailUrl\":\"https:\/\/www.icarectg.com\/wp-content\/uploads\/2025\/02\/icare_thumb.png\",\"datePublished\":\"2025-02-13T15:10:13+00:00\",\"dateModified\":\"2025-09-18T11:09:00+00:00\",\"description\":\"Envie o seu TCGF de forma an\u00f3nima para an\u00e1lise. Aprenda com a nossa interpreta\u00e7\u00e3o baseada na fisiopatologia.\",\"breadcrumb\":{\"@id\":\"https:\/\/www.icarectg.com\/pt-pt\/enviar-ctg\/#breadcrumb\"},\"inLanguage\":\"pt-PT\",\"potentialAction\":[{\"@type\":\"ReadAction\",\"target\":[\"https:\/\/www.icarectg.com\/pt-pt\/enviar-ctg\/\"]}]},{\"@type\":\"ImageObject\",\"inLanguage\":\"pt-PT\",\"@id\":\"https:\/\/www.icarectg.com\/pt-pt\/enviar-ctg\/#primaryimage\",\"url\":\"https:\/\/www.icarectg.com\/wp-content\/uploads\/2025\/02\/icare_thumb.png\",\"contentUrl\":\"https:\/\/www.icarectg.com\/wp-content\/uploads\/2025\/02\/icare_thumb.png\",\"width\":1551,\"height\":716,\"caption\":\"Forma\u00e7\u00e3o em monitoriza\u00e7\u00e3o fetal e interpreta\u00e7\u00e3o de registos cardiotocogr\u00e1ficos RCTG baseada em fisiopatologia com icareCTG.\"},{\"@type\":\"BreadcrumbList\",\"@id\":\"https:\/\/www.icarectg.com\/pt-pt\/enviar-ctg\/#breadcrumb\",\"itemListElement\":[{\"@type\":\"ListItem\",\"position\":1,\"name\":\"Portada\",\"item\":\"https:\/\/www.icarectg.com\/pt-pt\/\"},{\"@type\":\"ListItem\",\"position\":2,\"name\":\"Enviar CTG\"}]},{\"@type\":\"WebSite\",\"@id\":\"https:\/\/www.icarectg.com\/pt-pt\/#website\",\"url\":\"https:\/\/www.icarectg.com\/pt-pt\/\",\"name\":\"icareCTG\",\"description\":\"Interpretaci\u00f3n de registros cardiotocogr\u00e1ficos (RCTG) basado en fisiopatolog\u00eda\",\"publisher\":{\"@id\":\"https:\/\/www.icarectg.com\/pt-pt\/#organization\"},\"potentialAction\":[{\"@type\":\"SearchAction\",\"target\":{\"@type\":\"EntryPoint\",\"urlTemplate\":\"https:\/\/www.icarectg.com\/pt-pt\/?s={search_term_string}\"},\"query-input\":{\"@type\":\"PropertyValueSpecification\",\"valueRequired\":true,\"valueName\":\"search_term_string\"}}],\"inLanguage\":\"pt-PT\"},{\"@type\":\"Organization\",\"@id\":\"https:\/\/www.icarectg.com\/pt-pt\/#organization\",\"name\":\"icareCTG\",\"url\":\"https:\/\/www.icarectg.com\/pt-pt\/\",\"logo\":{\"@type\":\"ImageObject\",\"inLanguage\":\"pt-PT\",\"@id\":\"https:\/\/www.icarectg.com\/pt-pt\/#\/schema\/logo\/image\/\",\"url\":\"https:\/\/www.icarectg.com\/wp-content\/uploads\/2025\/01\/Asset-5.svg\",\"contentUrl\":\"https:\/\/www.icarectg.com\/wp-content\/uploads\/2025\/01\/Asset-5.svg\",\"width\":411,\"height\":166,\"caption\":\"icareCTG\"},\"image\":{\"@id\":\"https:\/\/www.icarectg.com\/pt-pt\/#\/schema\/logo\/image\/\"}}]}<\/script>\n<!-- \/ Yoast SEO plugin. -->","yoast_head_json":{"title":"Enviar TCGF para an\u00e1lise - Interpreta\u00e7\u00e3o baseada na fisiopatologia","description":"Envie o seu TCGF de forma an\u00f3nima para an\u00e1lise. Aprenda com a nossa interpreta\u00e7\u00e3o baseada na fisiopatologia.","robots":{"index":"index","follow":"follow","max-snippet":"max-snippet:-1","max-image-preview":"max-image-preview:large","max-video-preview":"max-video-preview:-1"},"canonical":"https:\/\/www.icarectg.com\/pt-pt\/enviar-ctg\/","og_locale":"pt_PT","og_type":"article","og_title":"Enviar TCGF para an\u00e1lise - Interpreta\u00e7\u00e3o baseada na fisiopatologia","og_description":"Envie o seu TCGF de forma an\u00f3nima para an\u00e1lise. Aprenda com a nossa interpreta\u00e7\u00e3o baseada na fisiopatologia.","og_url":"https:\/\/www.icarectg.com\/pt-pt\/enviar-ctg\/","og_site_name":"icareCTG","article_modified_time":"2025-09-18T11:09:00+00:00","og_image":[{"width":1551,"height":716,"url":"https:\/\/www.icarectg.com\/wp-content\/uploads\/2025\/02\/icare_thumb.png","type":"image\/png"}],"twitter_card":"summary_large_image","twitter_misc":{"Tempo estimado de leitura":"1 minuto"},"schema":{"@context":"https:\/\/schema.org","@graph":[{"@type":"WebPage","@id":"https:\/\/www.icarectg.com\/pt-pt\/enviar-ctg\/","url":"https:\/\/www.icarectg.com\/pt-pt\/enviar-ctg\/","name":"Enviar TCGF para an\u00e1lise - Interpreta\u00e7\u00e3o baseada na fisiopatologia","isPartOf":{"@id":"https:\/\/www.icarectg.com\/pt-pt\/#website"},"primaryImageOfPage":{"@id":"https:\/\/www.icarectg.com\/pt-pt\/enviar-ctg\/#primaryimage"},"image":{"@id":"https:\/\/www.icarectg.com\/pt-pt\/enviar-ctg\/#primaryimage"},"thumbnailUrl":"https:\/\/www.icarectg.com\/wp-content\/uploads\/2025\/02\/icare_thumb.png","datePublished":"2025-02-13T15:10:13+00:00","dateModified":"2025-09-18T11:09:00+00:00","description":"Envie o seu TCGF de forma an\u00f3nima para an\u00e1lise. Aprenda com a nossa interpreta\u00e7\u00e3o baseada na fisiopatologia.","breadcrumb":{"@id":"https:\/\/www.icarectg.com\/pt-pt\/enviar-ctg\/#breadcrumb"},"inLanguage":"pt-PT","potentialAction":[{"@type":"ReadAction","target":["https:\/\/www.icarectg.com\/pt-pt\/enviar-ctg\/"]}]},{"@type":"ImageObject","inLanguage":"pt-PT","@id":"https:\/\/www.icarectg.com\/pt-pt\/enviar-ctg\/#primaryimage","url":"https:\/\/www.icarectg.com\/wp-content\/uploads\/2025\/02\/icare_thumb.png","contentUrl":"https:\/\/www.icarectg.com\/wp-content\/uploads\/2025\/02\/icare_thumb.png","width":1551,"height":716,"caption":"Forma\u00e7\u00e3o em monitoriza\u00e7\u00e3o fetal e interpreta\u00e7\u00e3o de registos cardiotocogr\u00e1ficos RCTG baseada em fisiopatologia com icareCTG."},{"@type":"BreadcrumbList","@id":"https:\/\/www.icarectg.com\/pt-pt\/enviar-ctg\/#breadcrumb","itemListElement":[{"@type":"ListItem","position":1,"name":"Portada","item":"https:\/\/www.icarectg.com\/pt-pt\/"},{"@type":"ListItem","position":2,"name":"Enviar CTG"}]},{"@type":"WebSite","@id":"https:\/\/www.icarectg.com\/pt-pt\/#website","url":"https:\/\/www.icarectg.com\/pt-pt\/","name":"icareCTG","description":"Interpretaci\u00f3n de registros cardiotocogr\u00e1ficos (RCTG) basado en fisiopatolog\u00eda","publisher":{"@id":"https:\/\/www.icarectg.com\/pt-pt\/#organization"},"potentialAction":[{"@type":"SearchAction","target":{"@type":"EntryPoint","urlTemplate":"https:\/\/www.icarectg.com\/pt-pt\/?s={search_term_string}"},"query-input":{"@type":"PropertyValueSpecification","valueRequired":true,"valueName":"search_term_string"}}],"inLanguage":"pt-PT"},{"@type":"Organization","@id":"https:\/\/www.icarectg.com\/pt-pt\/#organization","name":"icareCTG","url":"https:\/\/www.icarectg.com\/pt-pt\/","logo":{"@type":"ImageObject","inLanguage":"pt-PT","@id":"https:\/\/www.icarectg.com\/pt-pt\/#\/schema\/logo\/image\/","url":"https:\/\/www.icarectg.com\/wp-content\/uploads\/2025\/01\/Asset-5.svg","contentUrl":"https:\/\/www.icarectg.com\/wp-content\/uploads\/2025\/01\/Asset-5.svg","width":411,"height":166,"caption":"icareCTG"},"image":{"@id":"https:\/\/www.icarectg.com\/pt-pt\/#\/schema\/logo\/image\/"}}]}},"_links":{"self":[{"href":"https:\/\/www.icarectg.com\/pt-pt\/wp-json\/wp\/v2\/pages\/38448","targetHints":{"allow":["GET"]}}],"collection":[{"href":"https:\/\/www.icarectg.com\/pt-pt\/wp-json\/wp\/v2\/pages"}],"about":[{"href":"https:\/\/www.icarectg.com\/pt-pt\/wp-json\/wp\/v2\/types\/page"}],"author":[{"embeddable":true,"href":"https:\/\/www.icarectg.com\/pt-pt\/wp-json\/wp\/v2\/users\/1"}],"replies":[{"embeddable":true,"href":"https:\/\/www.icarectg.com\/pt-pt\/wp-json\/wp\/v2\/comments?post=38448"}],"version-history":[{"count":3,"href":"https:\/\/www.icarectg.com\/pt-pt\/wp-json\/wp\/v2\/pages\/38448\/revisions"}],"predecessor-version":[{"id":38483,"href":"https:\/\/www.icarectg.com\/pt-pt\/wp-json\/wp\/v2\/pages\/38448\/revisions\/38483"}],"wp:featuredmedia":[{"embeddable":true,"href":"https:\/\/www.icarectg.com\/pt-pt\/wp-json\/wp\/v2\/media\/38267"}],"wp:attachment":[{"href":"https:\/\/www.icarectg.com\/pt-pt\/wp-json\/wp\/v2\/media?parent=38448"}],"curies":[{"name":"wp","href":"https:\/\/api.w.org\/{rel}","templated":true}]}}