{"id":38419,"date":"2025-02-13T13:22:05","date_gmt":"2025-02-13T12:22:05","guid":{"rendered":"https:\/\/www.icarectg.com\/teactg\/"},"modified":"2025-09-18T12:45:52","modified_gmt":"2025-09-18T10:45:52","slug":"teactg","status":"publish","type":"page","link":"https:\/\/www.icarectg.com\/pt-pt\/teactg\/","title":{"rendered":"Tea&amp;CTG"},"content":{"rendered":"\t\t<div data-elementor-type=\"wp-page\" data-elementor-id=\"38419\" class=\"elementor elementor-38419 elementor-36786\" data-elementor-post-type=\"page\">\n\t\t\t\t<div class=\"elementor-element elementor-element-2469bb4 e-con-full e-flex e-con e-parent\" data-id=\"2469bb4\" data-element_type=\"container\" data-e-type=\"container\" data-settings=\"{&quot;background_background&quot;:&quot;classic&quot;}\">\n\t\t<div class=\"elementor-element elementor-element-540fd39 e-flex e-con-boxed e-con e-child\" data-id=\"540fd39\" data-element_type=\"container\" data-e-type=\"container\">\n\t\t\t\t\t<div class=\"e-con-inner\">\n\t\t<div class=\"elementor-element elementor-element-b29cef8 e-con-full e-flex e-con e-child\" data-id=\"b29cef8\" data-element_type=\"container\" data-e-type=\"container\">\n\t\t\t\t<div class=\"elementor-element elementor-element-decaed8 elementor-widget elementor-widget-heading\" data-id=\"decaed8\" data-element_type=\"widget\" data-e-type=\"widget\" data-widget_type=\"heading.default\">\n\t\t\t\t<div class=\"elementor-widget-container\">\n\t\t\t\t\t<h1 class=\"elementor-heading-title elementor-size-default\">Tea&amp;CTG<\/h1>\t\t\t\t<\/div>\n\t\t\t\t<\/div>\n\t\t\t\t<\/div>\n\t\t\t\t\t<\/div>\n\t\t\t\t<\/div>\n\t\t\t\t<\/div>\n\t\t<div class=\"elementor-element elementor-element-10dfdba e-con-full e-flex e-con e-parent\" data-id=\"10dfdba\" data-element_type=\"container\" data-e-type=\"container\" data-settings=\"{&quot;background_background&quot;:&quot;classic&quot;}\">\n\t\t<div class=\"elementor-element elementor-element-618b785 e-flex e-con-boxed e-con e-child\" data-id=\"618b785\" data-element_type=\"container\" data-e-type=\"container\">\n\t\t\t\t\t<div class=\"e-con-inner\">\n\t\t<div class=\"elementor-element elementor-element-ca75457 e-con-full e-flex e-con e-child\" data-id=\"ca75457\" data-element_type=\"container\" data-e-type=\"container\">\n\t\t\t\t<div class=\"elementor-element elementor-element-8603765 elementor-widget elementor-widget-heading\" data-id=\"8603765\" data-element_type=\"widget\" data-e-type=\"widget\" data-widget_type=\"heading.default\">\n\t\t\t\t<div class=\"elementor-widget-container\">\n\t\t\t\t\t<h3 class=\"elementor-heading-title elementor-size-default\">Tomamos uma ch\u00e1vena de ch\u00e1 enquanto comentamos um registo cardiotocogr\u00e1fico?<\/h3>\t\t\t\t<\/div>\n\t\t\t\t<\/div>\n\t\t<div class=\"elementor-element elementor-element-77f733c e-con-full e-flex e-con e-child\" data-id=\"77f733c\" data-element_type=\"container\" data-e-type=\"container\">\n\t\t\t\t<div class=\"elementor-element elementor-element-908b1e9 elementor-widget elementor-widget-image\" data-id=\"908b1e9\" data-element_type=\"widget\" data-e-type=\"widget\" data-widget_type=\"image.default\">\n\t\t\t\t<div class=\"elementor-widget-container\">\n\t\t\t\t\t\t\t\t\t\t\t\t\t\t\t<img decoding=\"async\" width=\"127\" height=\"88\" src=\"https:\/\/www.icarectg.com\/wp-content\/uploads\/2025\/02\/Asset-19.svg\" class=\"attachment-large size-large wp-image-38327\" alt=\"\" \/>\t\t\t\t\t\t\t\t\t\t\t\t\t\t\t<\/div>\n\t\t\t\t<\/div>\n\t\t\t\t<\/div>\n\t\t\t\t<\/div>\n\t\t\t\t\t<\/div>\n\t\t\t\t<\/div>\n\t\t\t\t<\/div>\n\t\t<div class=\"elementor-element elementor-element-ae67144 e-con-full e-flex e-con e-parent\" data-id=\"ae67144\" data-element_type=\"container\" data-e-type=\"container\">\n\t\t<div class=\"elementor-element elementor-element-51da145 e-flex e-con-boxed e-con e-child\" data-id=\"51da145\" data-element_type=\"container\" data-e-type=\"container\">\n\t\t\t\t\t<div class=\"e-con-inner\">\n\t\t<div class=\"elementor-element elementor-element-c6c2c27 e-con-full e-flex e-con e-child\" data-id=\"c6c2c27\" data-element_type=\"container\" data-e-type=\"container\">\n\t\t<div class=\"elementor-element elementor-element-90958a0 e-con-full e-flex e-con e-child\" data-id=\"90958a0\" data-element_type=\"container\" data-e-type=\"container\">\n\t\t<div class=\"elementor-element elementor-element-69c56d3 e-con-full e-flex e-con e-child\" data-id=\"69c56d3\" data-element_type=\"container\" data-e-type=\"container\">\n\t\t<div class=\"elementor-element elementor-element-3156771 e-con-full e-flex e-con e-child\" data-id=\"3156771\" data-element_type=\"container\" data-e-type=\"container\">\n\t\t<div class=\"elementor-element elementor-element-7c31344 e-con-full e-flex e-con e-child\" data-id=\"7c31344\" data-element_type=\"container\" data-e-type=\"container\">\n\t\t\t\t<div class=\"elementor-element elementor-element-149b72b elementor-widget elementor-widget-text-editor\" data-id=\"149b72b\" data-element_type=\"widget\" data-e-type=\"widget\" data-widget_type=\"text-editor.default\">\n\t\t\t\t<div class=\"elementor-widget-container\">\n\t\t\t\t\t\t\t\t\t<p><strong>Quando?<\/strong><\/p>\t\t\t\t\t\t\t\t<\/div>\n\t\t\t\t<\/div>\n\t\t\t\t<\/div>\n\t\t<div class=\"elementor-element elementor-element-f0a9233 e-con-full e-flex e-con e-child\" data-id=\"f0a9233\" data-element_type=\"container\" data-e-type=\"container\">\n\t\t\t\t<div class=\"elementor-element elementor-element-b01428a elementor-widget elementor-widget-text-editor\" data-id=\"b01428a\" data-element_type=\"widget\" data-e-type=\"widget\" data-widget_type=\"text-editor.default\">\n\t\t\t\t<div class=\"elementor-widget-container\">\n\t\t\t\t\t\t\t\t\t<p style=\"text-align: right;\">Na primeira ter\u00e7a-feira de cada m\u00eas, \u00e0s 20h<\/p>\t\t\t\t\t\t\t\t<\/div>\n\t\t\t\t<\/div>\n\t\t\t\t<\/div>\n\t\t\t\t<\/div>\n\t\t<div class=\"elementor-element elementor-element-2e0b8ed e-con-full e-flex e-con e-child\" data-id=\"2e0b8ed\" data-element_type=\"container\" data-e-type=\"container\">\n\t\t<div class=\"elementor-element elementor-element-fd1d6ac e-con-full e-flex e-con e-child\" data-id=\"fd1d6ac\" data-element_type=\"container\" data-e-type=\"container\">\n\t\t\t\t<div class=\"elementor-element elementor-element-0588ada elementor-widget elementor-widget-text-editor\" data-id=\"0588ada\" data-element_type=\"widget\" data-e-type=\"widget\" data-widget_type=\"text-editor.default\">\n\t\t\t\t<div class=\"elementor-widget-container\">\n\t\t\t\t\t\t\t\t\t<p><strong>Onde?<\/strong><\/p>\t\t\t\t\t\t\t\t<\/div>\n\t\t\t\t<\/div>\n\t\t\t\t<\/div>\n\t\t<div class=\"elementor-element elementor-element-7859450 e-con-full e-flex e-con e-child\" data-id=\"7859450\" data-element_type=\"container\" data-e-type=\"container\">\n\t\t\t\t<div class=\"elementor-element elementor-element-5a59764 elementor-widget elementor-widget-text-editor\" data-id=\"5a59764\" data-element_type=\"widget\" data-e-type=\"widget\" data-widget_type=\"text-editor.default\">\n\t\t\t\t<div class=\"elementor-widget-container\">\n\t\t\t\t\t\t\t\t\t<p style=\"text-align: right;\">No <a href=\"https:\/\/www.instagram.com\/icarectg_anna_gracia\/\" target=\"_blank\" rel=\"noopener\">Instagram live<\/a><\/p>\t\t\t\t\t\t\t\t<\/div>\n\t\t\t\t<\/div>\n\t\t\t\t<\/div>\n\t\t\t\t<\/div>\n\t\t<div class=\"elementor-element elementor-element-712404a e-con-full e-flex e-con e-child\" data-id=\"712404a\" data-element_type=\"container\" data-e-type=\"container\">\n\t\t<div class=\"elementor-element elementor-element-c53a33d e-con-full e-flex e-con e-child\" data-id=\"c53a33d\" data-element_type=\"container\" data-e-type=\"container\">\n\t\t\t\t<div class=\"elementor-element elementor-element-88e5c87 elementor-widget elementor-widget-text-editor\" data-id=\"88e5c87\" data-element_type=\"widget\" data-e-type=\"widget\" data-widget_type=\"text-editor.default\">\n\t\t\t\t<div class=\"elementor-widget-container\">\n\t\t\t\t\t\t\t\t\t<p><strong>Poderei ver o caso antes?<\/strong><\/p>\t\t\t\t\t\t\t\t<\/div>\n\t\t\t\t<\/div>\n\t\t\t\t<\/div>\n\t\t<div class=\"elementor-element elementor-element-bee14fe e-con-full e-flex e-con e-child\" data-id=\"bee14fe\" data-element_type=\"container\" data-e-type=\"container\">\n\t\t\t\t<div class=\"elementor-element elementor-element-071cae6 elementor-widget elementor-widget-text-editor\" data-id=\"071cae6\" data-element_type=\"widget\" data-e-type=\"widget\" data-widget_type=\"text-editor.default\">\n\t\t\t\t<div class=\"elementor-widget-container\">\n\t\t\t\t\t\t\t\t\t<p style=\"text-align: right;\">Enviamos nessa manh\u00e3 aos subscritos da Newsletter<\/p>\t\t\t\t\t\t\t\t<\/div>\n\t\t\t\t<\/div>\n\t\t\t\t<\/div>\n\t\t\t\t<\/div>\n\t\t\t\t<\/div>\n\t\t\t\t<\/div>\n\t\t<div class=\"elementor-element elementor-element-a691a3c e-con-full e-flex e-con e-child\" data-id=\"a691a3c\" data-element_type=\"container\" data-e-type=\"container\">\n\t\t\t\t<div class=\"elementor-element elementor-element-26c4c90 elementor-widget elementor-widget-text-editor\" data-id=\"26c4c90\" data-element_type=\"widget\" data-e-type=\"widget\" data-widget_type=\"text-editor.default\">\n\t\t\t\t<div class=\"elementor-widget-container\">\n\t\t\t\t\t\t\t\t\t<p><strong>Fazemo-lo sempre sob 3 princ\u00edpios:<\/strong><\/p>\t\t\t\t\t\t\t\t<\/div>\n\t\t\t\t<\/div>\n\t\t\t\t<div class=\"elementor-element elementor-element-7b2963a elementor-icon-list--layout-traditional elementor-list-item-link-full_width elementor-widget elementor-widget-icon-list\" data-id=\"7b2963a\" data-element_type=\"widget\" data-e-type=\"widget\" data-widget_type=\"icon-list.default\">\n\t\t\t\t<div class=\"elementor-widget-container\">\n\t\t\t\t\t\t\t<ul class=\"elementor-icon-list-items\">\n\t\t\t\t\t\t\t<li class=\"elementor-icon-list-item\">\n\t\t\t\t\t\t\t\t\t\t\t<span class=\"elementor-icon-list-icon\">\n\t\t\t\t\t\t\t<svg xmlns=\"http:\/\/www.w3.org\/2000\/svg\" width=\"22.6\" height=\"17.387\" viewBox=\"0 0 22.6 17.387\"><path id=\"Icon_akar-check\" data-name=\"Icon akar-check\" d=\"M6,15.887l6.887,6.887L24.366,9\" transform=\"translate(-3.879 -6.887)\" fill=\"none\" stroke=\"#849fa5\" stroke-linecap=\"round\" stroke-linejoin=\"round\" stroke-width=\"3\"><\/path><\/svg>\t\t\t\t\t\t<\/span>\n\t\t\t\t\t\t\t\t\t\t<span class=\"elementor-icon-list-text\">O mais estrito anonimato<\/span>\n\t\t\t\t\t\t\t\t\t<\/li>\n\t\t\t\t\t\t\t\t<li class=\"elementor-icon-list-item\">\n\t\t\t\t\t\t\t\t\t\t\t<span class=\"elementor-icon-list-icon\">\n\t\t\t\t\t\t\t<svg xmlns=\"http:\/\/www.w3.org\/2000\/svg\" width=\"22.6\" height=\"17.387\" viewBox=\"0 0 22.6 17.387\"><path id=\"Icon_akar-check\" data-name=\"Icon akar-check\" d=\"M6,15.887l6.887,6.887L24.366,9\" transform=\"translate(-3.879 -6.887)\" fill=\"none\" stroke=\"#849fa5\" stroke-linecap=\"round\" stroke-linejoin=\"round\" stroke-width=\"3\"><\/path><\/svg>\t\t\t\t\t\t<\/span>\n\t\t\t\t\t\t\t\t\t\t<span class=\"elementor-icon-list-text\">Respeito pel@s profissionais<\/span>\n\t\t\t\t\t\t\t\t\t<\/li>\n\t\t\t\t\t\t\t\t<li class=\"elementor-icon-list-item\">\n\t\t\t\t\t\t\t\t\t\t\t<span class=\"elementor-icon-list-icon\">\n\t\t\t\t\t\t\t<svg xmlns=\"http:\/\/www.w3.org\/2000\/svg\" width=\"22.6\" height=\"17.387\" viewBox=\"0 0 22.6 17.387\"><path id=\"Icon_akar-check\" data-name=\"Icon akar-check\" d=\"M6,15.887l6.887,6.887L24.366,9\" transform=\"translate(-3.879 -6.887)\" fill=\"none\" stroke=\"#849fa5\" stroke-linecap=\"round\" stroke-linejoin=\"round\" stroke-width=\"3\"><\/path><\/svg>\t\t\t\t\t\t<\/span>\n\t\t\t\t\t\t\t\t\t\t<span class=\"elementor-icon-list-text\">Com uma atitude construtiva e did\u00e1tica<\/span>\n\t\t\t\t\t\t\t\t\t<\/li>\n\t\t\t\t\t\t<\/ul>\n\t\t\t\t\t\t<\/div>\n\t\t\t\t<\/div>\n\t\t\t\t<\/div>\n\t\t\t\t<\/div>\n\t\t\t\t\t<\/div>\n\t\t\t\t<\/div>\n\t\t\t\t<\/div>\n\t\t<div class=\"elementor-element elementor-element-94fc53e e-con-full e-flex e-con e-parent\" data-id=\"94fc53e\" data-element_type=\"container\" data-e-type=\"container\" data-settings=\"{&quot;background_background&quot;:&quot;classic&quot;}\">\n\t\t<div class=\"elementor-element elementor-element-c94d395 e-flex e-con-boxed e-con e-child\" data-id=\"c94d395\" data-element_type=\"container\" data-e-type=\"container\">\n\t\t\t\t\t<div class=\"e-con-inner\">\n\t\t<div class=\"elementor-element elementor-element-7d4995b e-con-full e-flex e-con e-child\" data-id=\"7d4995b\" data-element_type=\"container\" data-e-type=\"container\">\n\t\t\t\t<div class=\"elementor-element elementor-element-da51d75 elementor-widget elementor-widget-heading\" data-id=\"da51d75\" data-element_type=\"widget\" data-e-type=\"widget\" data-widget_type=\"heading.default\">\n\t\t\t\t<div class=\"elementor-widget-container\">\n\t\t\t\t\t<h3 class=\"elementor-heading-title elementor-size-default\">\u00daltimos casos<\/h3>\t\t\t\t<\/div>\n\t\t\t\t<\/div>\n\t\t\t\t<\/div>\n\t\t<div class=\"elementor-element elementor-element-2afcbff e-con-full e-flex e-con e-child\" data-id=\"2afcbff\" data-element_type=\"container\" data-e-type=\"container\">\n\t\t<div class=\"elementor-element elementor-element-5fc2f3d e-flex e-con-boxed e-con e-child\" data-id=\"5fc2f3d\" data-element_type=\"container\" data-e-type=\"container\">\n\t\t\t\t\t<div class=\"e-con-inner\">\n\t\t\t\t\t<\/div>\n\t\t\t\t<\/div>\n\t\t\t\t<\/div>\n\t\t\t\t\t<\/div>\n\t\t\t\t<\/div>\n\t\t\t\t<\/div>\n\t\t\t\t<\/div>\n\t\t","protected":false},"excerpt":{"rendered":"<p>Tea&amp;CTG Tomamos uma ch\u00e1vena de ch\u00e1 enquanto comentamos um registo cardiotocogr\u00e1fico? Quando? Na primeira ter\u00e7a-feira de cada m\u00eas, \u00e0s 20h Onde? No Instagram live Poderei ver o caso antes? Enviamos nessa manh\u00e3 aos subscritos da Newsletter Fazemo-lo sempre sob 3 princ\u00edpios: O mais estrito anonimato Respeito pel@s profissionais Com uma atitude construtiva e did\u00e1tica \u00daltimos [&hellip;]<\/p>\n","protected":false},"author":1,"featured_media":38267,"parent":0,"menu_order":0,"comment_status":"closed","ping_status":"closed","template":"","meta":{"footnotes":""},"class_list":["post-38419","page","type-page","status-publish","has-post-thumbnail","hentry"],"yoast_head":"<!-- This site is optimized with the Yoast SEO plugin v26.3 - https:\/\/yoast.com\/wordpress\/plugins\/seo\/ -->\n<title>Tea&amp;CTG: Analisamos registos cardiotocogr\u00e1ficos em direto - icareCTG<\/title>\n<meta name=\"description\" content=\"Todos os meses analisamos um RCTG em direto no Instagram Live. Aprenda a interpretar registos com casos reais e uma vis\u00e3o construtiva.\" \/>\n<meta name=\"robots\" content=\"index, follow, max-snippet:-1, max-image-preview:large, max-video-preview:-1\" \/>\n<link rel=\"canonical\" href=\"https:\/\/www.icarectg.com\/pt-pt\/teactg\/\" \/>\n<meta property=\"og:locale\" content=\"pt_PT\" \/>\n<meta property=\"og:type\" content=\"article\" \/>\n<meta property=\"og:title\" content=\"Tea&amp;CTG: Analisamos registos cardiotocogr\u00e1ficos em direto - icareCTG\" \/>\n<meta property=\"og:description\" content=\"Todos os meses analisamos um RCTG em direto no Instagram Live. Aprenda a interpretar registos com casos reais e uma vis\u00e3o construtiva.\" \/>\n<meta property=\"og:url\" content=\"https:\/\/www.icarectg.com\/pt-pt\/teactg\/\" \/>\n<meta property=\"og:site_name\" content=\"icareCTG\" \/>\n<meta property=\"article:modified_time\" content=\"2025-09-18T10:45:52+00:00\" \/>\n<meta property=\"og:image\" content=\"https:\/\/www.icarectg.com\/wp-content\/uploads\/2025\/02\/icare_thumb.png\" \/>\n\t<meta property=\"og:image:width\" content=\"1551\" \/>\n\t<meta property=\"og:image:height\" content=\"716\" \/>\n\t<meta property=\"og:image:type\" content=\"image\/png\" \/>\n<meta name=\"twitter:card\" content=\"summary_large_image\" \/>\n<script type=\"application\/ld+json\" class=\"yoast-schema-graph\">{\"@context\":\"https:\/\/schema.org\",\"@graph\":[{\"@type\":\"WebPage\",\"@id\":\"https:\/\/www.icarectg.com\/pt-pt\/teactg\/\",\"url\":\"https:\/\/www.icarectg.com\/pt-pt\/teactg\/\",\"name\":\"Tea&CTG: Analisamos registos cardiotocogr\u00e1ficos em direto - icareCTG\",\"isPartOf\":{\"@id\":\"https:\/\/www.icarectg.com\/pt-pt\/#website\"},\"primaryImageOfPage\":{\"@id\":\"https:\/\/www.icarectg.com\/pt-pt\/teactg\/#primaryimage\"},\"image\":{\"@id\":\"https:\/\/www.icarectg.com\/pt-pt\/teactg\/#primaryimage\"},\"thumbnailUrl\":\"https:\/\/www.icarectg.com\/wp-content\/uploads\/2025\/02\/icare_thumb.png\",\"datePublished\":\"2025-02-13T12:22:05+00:00\",\"dateModified\":\"2025-09-18T10:45:52+00:00\",\"description\":\"Todos os meses analisamos um RCTG em direto no Instagram Live. Aprenda a interpretar registos com casos reais e uma vis\u00e3o construtiva.\",\"breadcrumb\":{\"@id\":\"https:\/\/www.icarectg.com\/pt-pt\/teactg\/#breadcrumb\"},\"inLanguage\":\"pt-PT\",\"potentialAction\":[{\"@type\":\"ReadAction\",\"target\":[\"https:\/\/www.icarectg.com\/pt-pt\/teactg\/\"]}]},{\"@type\":\"ImageObject\",\"inLanguage\":\"pt-PT\",\"@id\":\"https:\/\/www.icarectg.com\/pt-pt\/teactg\/#primaryimage\",\"url\":\"https:\/\/www.icarectg.com\/wp-content\/uploads\/2025\/02\/icare_thumb.png\",\"contentUrl\":\"https:\/\/www.icarectg.com\/wp-content\/uploads\/2025\/02\/icare_thumb.png\",\"width\":1551,\"height\":716,\"caption\":\"Forma\u00e7\u00e3o em monitoriza\u00e7\u00e3o fetal e interpreta\u00e7\u00e3o de registos cardiotocogr\u00e1ficos RCTG baseada em fisiopatologia com icareCTG.\"},{\"@type\":\"BreadcrumbList\",\"@id\":\"https:\/\/www.icarectg.com\/pt-pt\/teactg\/#breadcrumb\",\"itemListElement\":[{\"@type\":\"ListItem\",\"position\":1,\"name\":\"Portada\",\"item\":\"https:\/\/www.icarectg.com\/pt-pt\/\"},{\"@type\":\"ListItem\",\"position\":2,\"name\":\"Tea&amp;CTG\"}]},{\"@type\":\"WebSite\",\"@id\":\"https:\/\/www.icarectg.com\/pt-pt\/#website\",\"url\":\"https:\/\/www.icarectg.com\/pt-pt\/\",\"name\":\"icareCTG\",\"description\":\"Interpretaci\u00f3n de registros cardiotocogr\u00e1ficos (RCTG) basado en fisiopatolog\u00eda\",\"publisher\":{\"@id\":\"https:\/\/www.icarectg.com\/pt-pt\/#organization\"},\"potentialAction\":[{\"@type\":\"SearchAction\",\"target\":{\"@type\":\"EntryPoint\",\"urlTemplate\":\"https:\/\/www.icarectg.com\/pt-pt\/?s={search_term_string}\"},\"query-input\":{\"@type\":\"PropertyValueSpecification\",\"valueRequired\":true,\"valueName\":\"search_term_string\"}}],\"inLanguage\":\"pt-PT\"},{\"@type\":\"Organization\",\"@id\":\"https:\/\/www.icarectg.com\/pt-pt\/#organization\",\"name\":\"icareCTG\",\"url\":\"https:\/\/www.icarectg.com\/pt-pt\/\",\"logo\":{\"@type\":\"ImageObject\",\"inLanguage\":\"pt-PT\",\"@id\":\"https:\/\/www.icarectg.com\/pt-pt\/#\/schema\/logo\/image\/\",\"url\":\"https:\/\/www.icarectg.com\/wp-content\/uploads\/2025\/01\/Asset-5.svg\",\"contentUrl\":\"https:\/\/www.icarectg.com\/wp-content\/uploads\/2025\/01\/Asset-5.svg\",\"width\":411,\"height\":166,\"caption\":\"icareCTG\"},\"image\":{\"@id\":\"https:\/\/www.icarectg.com\/pt-pt\/#\/schema\/logo\/image\/\"}}]}<\/script>\n<!-- \/ Yoast SEO plugin. -->","yoast_head_json":{"title":"Tea&CTG: Analisamos registos cardiotocogr\u00e1ficos em direto - icareCTG","description":"Todos os meses analisamos um RCTG em direto no Instagram Live. Aprenda a interpretar registos com casos reais e uma vis\u00e3o construtiva.","robots":{"index":"index","follow":"follow","max-snippet":"max-snippet:-1","max-image-preview":"max-image-preview:large","max-video-preview":"max-video-preview:-1"},"canonical":"https:\/\/www.icarectg.com\/pt-pt\/teactg\/","og_locale":"pt_PT","og_type":"article","og_title":"Tea&CTG: Analisamos registos cardiotocogr\u00e1ficos em direto - icareCTG","og_description":"Todos os meses analisamos um RCTG em direto no Instagram Live. Aprenda a interpretar registos com casos reais e uma vis\u00e3o construtiva.","og_url":"https:\/\/www.icarectg.com\/pt-pt\/teactg\/","og_site_name":"icareCTG","article_modified_time":"2025-09-18T10:45:52+00:00","og_image":[{"width":1551,"height":716,"url":"https:\/\/www.icarectg.com\/wp-content\/uploads\/2025\/02\/icare_thumb.png","type":"image\/png"}],"twitter_card":"summary_large_image","schema":{"@context":"https:\/\/schema.org","@graph":[{"@type":"WebPage","@id":"https:\/\/www.icarectg.com\/pt-pt\/teactg\/","url":"https:\/\/www.icarectg.com\/pt-pt\/teactg\/","name":"Tea&CTG: Analisamos registos cardiotocogr\u00e1ficos em direto - icareCTG","isPartOf":{"@id":"https:\/\/www.icarectg.com\/pt-pt\/#website"},"primaryImageOfPage":{"@id":"https:\/\/www.icarectg.com\/pt-pt\/teactg\/#primaryimage"},"image":{"@id":"https:\/\/www.icarectg.com\/pt-pt\/teactg\/#primaryimage"},"thumbnailUrl":"https:\/\/www.icarectg.com\/wp-content\/uploads\/2025\/02\/icare_thumb.png","datePublished":"2025-02-13T12:22:05+00:00","dateModified":"2025-09-18T10:45:52+00:00","description":"Todos os meses analisamos um RCTG em direto no Instagram Live. Aprenda a interpretar registos com casos reais e uma vis\u00e3o construtiva.","breadcrumb":{"@id":"https:\/\/www.icarectg.com\/pt-pt\/teactg\/#breadcrumb"},"inLanguage":"pt-PT","potentialAction":[{"@type":"ReadAction","target":["https:\/\/www.icarectg.com\/pt-pt\/teactg\/"]}]},{"@type":"ImageObject","inLanguage":"pt-PT","@id":"https:\/\/www.icarectg.com\/pt-pt\/teactg\/#primaryimage","url":"https:\/\/www.icarectg.com\/wp-content\/uploads\/2025\/02\/icare_thumb.png","contentUrl":"https:\/\/www.icarectg.com\/wp-content\/uploads\/2025\/02\/icare_thumb.png","width":1551,"height":716,"caption":"Forma\u00e7\u00e3o em monitoriza\u00e7\u00e3o fetal e interpreta\u00e7\u00e3o de registos cardiotocogr\u00e1ficos RCTG baseada em fisiopatologia com icareCTG."},{"@type":"BreadcrumbList","@id":"https:\/\/www.icarectg.com\/pt-pt\/teactg\/#breadcrumb","itemListElement":[{"@type":"ListItem","position":1,"name":"Portada","item":"https:\/\/www.icarectg.com\/pt-pt\/"},{"@type":"ListItem","position":2,"name":"Tea&amp;CTG"}]},{"@type":"WebSite","@id":"https:\/\/www.icarectg.com\/pt-pt\/#website","url":"https:\/\/www.icarectg.com\/pt-pt\/","name":"icareCTG","description":"Interpretaci\u00f3n de registros cardiotocogr\u00e1ficos (RCTG) basado en fisiopatolog\u00eda","publisher":{"@id":"https:\/\/www.icarectg.com\/pt-pt\/#organization"},"potentialAction":[{"@type":"SearchAction","target":{"@type":"EntryPoint","urlTemplate":"https:\/\/www.icarectg.com\/pt-pt\/?s={search_term_string}"},"query-input":{"@type":"PropertyValueSpecification","valueRequired":true,"valueName":"search_term_string"}}],"inLanguage":"pt-PT"},{"@type":"Organization","@id":"https:\/\/www.icarectg.com\/pt-pt\/#organization","name":"icareCTG","url":"https:\/\/www.icarectg.com\/pt-pt\/","logo":{"@type":"ImageObject","inLanguage":"pt-PT","@id":"https:\/\/www.icarectg.com\/pt-pt\/#\/schema\/logo\/image\/","url":"https:\/\/www.icarectg.com\/wp-content\/uploads\/2025\/01\/Asset-5.svg","contentUrl":"https:\/\/www.icarectg.com\/wp-content\/uploads\/2025\/01\/Asset-5.svg","width":411,"height":166,"caption":"icareCTG"},"image":{"@id":"https:\/\/www.icarectg.com\/pt-pt\/#\/schema\/logo\/image\/"}}]}},"_links":{"self":[{"href":"https:\/\/www.icarectg.com\/pt-pt\/wp-json\/wp\/v2\/pages\/38419","targetHints":{"allow":["GET"]}}],"collection":[{"href":"https:\/\/www.icarectg.com\/pt-pt\/wp-json\/wp\/v2\/pages"}],"about":[{"href":"https:\/\/www.icarectg.com\/pt-pt\/wp-json\/wp\/v2\/types\/page"}],"author":[{"embeddable":true,"href":"https:\/\/www.icarectg.com\/pt-pt\/wp-json\/wp\/v2\/users\/1"}],"replies":[{"embeddable":true,"href":"https:\/\/www.icarectg.com\/pt-pt\/wp-json\/wp\/v2\/comments?post=38419"}],"version-history":[{"count":1,"href":"https:\/\/www.icarectg.com\/pt-pt\/wp-json\/wp\/v2\/pages\/38419\/revisions"}],"predecessor-version":[{"id":38425,"href":"https:\/\/www.icarectg.com\/pt-pt\/wp-json\/wp\/v2\/pages\/38419\/revisions\/38425"}],"wp:featuredmedia":[{"embeddable":true,"href":"https:\/\/www.icarectg.com\/pt-pt\/wp-json\/wp\/v2\/media\/38267"}],"wp:attachment":[{"href":"https:\/\/www.icarectg.com\/pt-pt\/wp-json\/wp\/v2\/media?parent=38419"}],"curies":[{"name":"wp","href":"https:\/\/api.w.org\/{rel}","templated":true}]}}