{"id":38442,"date":"2025-02-13T15:58:30","date_gmt":"2025-02-13T14:58:30","guid":{"rendered":"https:\/\/www.icarectg.com\/contact\/"},"modified":"2025-09-18T12:46:08","modified_gmt":"2025-09-18T10:46:08","slug":"contact","status":"publish","type":"page","link":"https:\/\/www.icarectg.com\/en\/contact\/","title":{"rendered":"Contact"},"content":{"rendered":"\t\t<div data-elementor-type=\"wp-page\" data-elementor-id=\"38442\" class=\"elementor elementor-38442 elementor-36878\" data-elementor-post-type=\"page\">\n\t\t\t\t<div class=\"elementor-element elementor-element-2469bb4 e-con-full e-flex e-con e-parent\" data-id=\"2469bb4\" data-element_type=\"container\" data-e-type=\"container\" data-settings=\"{&quot;background_background&quot;:&quot;classic&quot;}\">\n\t\t<div class=\"elementor-element elementor-element-540fd39 e-flex e-con-boxed e-con e-child\" data-id=\"540fd39\" data-element_type=\"container\" data-e-type=\"container\">\n\t\t\t\t\t<div class=\"e-con-inner\">\n\t\t<div class=\"elementor-element elementor-element-b29cef8 e-con-full e-flex e-con e-child\" data-id=\"b29cef8\" data-element_type=\"container\" data-e-type=\"container\">\n\t\t\t\t<div class=\"elementor-element elementor-element-decaed8 elementor-widget elementor-widget-heading\" data-id=\"decaed8\" data-element_type=\"widget\" data-e-type=\"widget\" data-widget_type=\"heading.default\">\n\t\t\t\t<div class=\"elementor-widget-container\">\n\t\t\t\t\t<h1 class=\"elementor-heading-title elementor-size-default\">Contact<\/h1>\t\t\t\t<\/div>\n\t\t\t\t<\/div>\n\t\t\t\t<\/div>\n\t\t\t\t\t<\/div>\n\t\t\t\t<\/div>\n\t\t\t\t<\/div>\n\t\t<div class=\"elementor-element elementor-element-94fc53e e-con-full e-flex e-con e-parent\" data-id=\"94fc53e\" data-element_type=\"container\" data-e-type=\"container\" data-settings=\"{&quot;background_background&quot;:&quot;classic&quot;}\">\n\t\t<div class=\"elementor-element elementor-element-c94d395 e-flex e-con-boxed e-con e-child\" data-id=\"c94d395\" data-element_type=\"container\" data-e-type=\"container\">\n\t\t\t\t\t<div class=\"e-con-inner\">\n\t\t<div class=\"elementor-element elementor-element-2cdbc2e e-con-full e-flex e-con e-child\" data-id=\"2cdbc2e\" data-element_type=\"container\" data-e-type=\"container\">\n\t\t\t\t<div class=\"elementor-element elementor-element-5d4d519 elementor-widget elementor-widget-text-editor\" data-id=\"5d4d519\" data-element_type=\"widget\" data-e-type=\"widget\" data-widget_type=\"text-editor.default\">\n\t\t\t\t<div class=\"elementor-widget-container\">\n\t\t\t\t\t\t\t\t\t<p>You can write to us at <a href=\"&#109;&#x61;&#105;&#x6c;t&#x6f;:&#105;&#x6e;&#102;&#x6f;&#64;&#x69;c&#97;&#x72;&#101;&#x63;t&#x67;&#46;&#99;&#x6f;&#109;\">i&#110;&#102;&#x6f;&#x40;&#x69;c&#97;&#114;&#x65;&#x63;&#x74;g&#46;&#99;&#x6f;&#x6d;<\/a>, complete the contact form, or, if you wish to send us a cardiotocographic (CTG) record for analysis, click <a href=\"https:\/\/www.icarectg.com\/enviar-rctg\/\">here.<\/a> We will respond as soon as possible! \ud83d\ude0a<\/p>\t\t\t\t\t\t\t\t<\/div>\n\t\t\t\t<\/div>\n\t\t\t\t<\/div>\n\t\t<div class=\"elementor-element elementor-element-d4586f8 e-con-full e-flex e-con e-child\" data-id=\"d4586f8\" data-element_type=\"container\" data-e-type=\"container\">\n\t\t\t\t<div class=\"elementor-element elementor-element-273575a elementor-button-align-center elementor-widget elementor-widget-form\" data-id=\"273575a\" data-element_type=\"widget\" data-e-type=\"widget\" data-settings=\"{&quot;step_next_label&quot;:&quot;Next&quot;,&quot;step_previous_label&quot;:&quot;Previous&quot;,&quot;step_type&quot;:&quot;number_text&quot;,&quot;step_icon_shape&quot;:&quot;circle&quot;}\" data-widget_type=\"form.default\">\n\t\t\t\t<div class=\"elementor-widget-container\">\n\t\t\t\t\t\t\t<form class=\"elementor-form\" method=\"post\" name=\"contact\" aria-label=\"contact\">\n\t\t\t<input type=\"hidden\" name=\"post_id\" value=\"38442\"\/>\n\t\t\t<input type=\"hidden\" name=\"form_id\" value=\"273575a\"\/>\n\t\t\t<input type=\"hidden\" name=\"referer_title\" value=\"Contact icareCTG - Send Us your Questions about Fetal Monitoring\" \/>\n\n\t\t\t\t\t\t\t<input type=\"hidden\" name=\"queried_id\" value=\"38442\"\/>\n\t\t\t\n\t\t\t<div class=\"elementor-form-fields-wrapper elementor-labels-above\">\n\t\t\t\t\t\t\t\t<div class=\"elementor-field-type-text elementor-field-group elementor-column elementor-field-group-name elementor-col-100 elementor-field-required\">\n\t\t\t\t\t\t\t\t\t\t\t\t<label for=\"form-field-name\" class=\"elementor-field-label\">\n\t\t\t\t\t\t\t\tName and surname:\t\t\t\t\t\t\t<\/label>\n\t\t\t\t\t\t\t\t\t\t\t\t\t\t<input size=\"1\" type=\"text\" name=\"form_fields[name]\" id=\"form-field-name\" class=\"elementor-field elementor-size-sm  elementor-field-textual\" required=\"required\">\n\t\t\t\t\t\t\t\t\t\t\t<\/div>\n\t\t\t\t\t\t\t\t<div class=\"elementor-field-type-email elementor-field-group elementor-column elementor-field-group-email elementor-col-100 elementor-field-required\">\n\t\t\t\t\t\t\t\t\t\t\t\t<label for=\"form-field-email\" class=\"elementor-field-label\">\n\t\t\t\t\t\t\t\tE-mail:\t\t\t\t\t\t\t<\/label>\n\t\t\t\t\t\t\t\t\t\t\t\t\t\t<input size=\"1\" type=\"email\" name=\"form_fields[email]\" id=\"form-field-email\" class=\"elementor-field elementor-size-sm  elementor-field-textual\" required=\"required\">\n\t\t\t\t\t\t\t\t\t\t\t<\/div>\n\t\t\t\t\t\t\t\t<div class=\"elementor-field-type-tel elementor-field-group elementor-column elementor-field-group-tel elementor-col-100 elementor-field-required\">\n\t\t\t\t\t\t\t\t\t\t\t\t<label for=\"form-field-tel\" class=\"elementor-field-label\">\n\t\t\t\t\t\t\t\tPhone:\t\t\t\t\t\t\t<\/label>\n\t\t\t\t\t\t\t\t<input size=\"1\" type=\"tel\" name=\"form_fields[tel]\" id=\"form-field-tel\" class=\"elementor-field elementor-size-sm  elementor-field-textual\" required=\"required\" pattern=\"[0-9()#&amp;+*-=.]+\" title=\"Only numbers and phone characters (#, -, *, etc) are accepted.\">\n\n\t\t\t\t\t\t<\/div>\n\t\t\t\t\t\t\t\t<div class=\"elementor-field-type-textarea elementor-field-group elementor-column elementor-field-group-asunto elementor-col-100 elementor-field-required\">\n\t\t\t\t\t\t\t\t\t\t\t\t<label for=\"form-field-asunto\" class=\"elementor-field-label\">\n\t\t\t\t\t\t\t\tReason for consultation:\t\t\t\t\t\t\t<\/label>\n\t\t\t\t\t\t<textarea class=\"elementor-field-textual elementor-field  elementor-size-sm\" name=\"form_fields[asunto]\" id=\"form-field-asunto\" rows=\"4\" required=\"required\"><\/textarea>\t\t\t\t<\/div>\n\t\t\t\t\t\t\t\t<div class=\"elementor-field-type-textarea elementor-field-group elementor-column elementor-field-group-message elementor-col-100 elementor-field-required\">\n\t\t\t\t\t\t\t\t\t\t\t\t<label for=\"form-field-message\" class=\"elementor-field-label\">\n\t\t\t\t\t\t\t\tMessage:\t\t\t\t\t\t\t<\/label>\n\t\t\t\t\t\t<textarea class=\"elementor-field-textual elementor-field  elementor-size-sm\" name=\"form_fields[message]\" id=\"form-field-message\" rows=\"4\" required=\"required\"><\/textarea>\t\t\t\t<\/div>\n\t\t\t\t\t\t\t\t<div class=\"elementor-field-type-recaptcha_v3 elementor-field-group elementor-column elementor-field-group-captcha elementor-col-100 recaptcha_v3-bottomright\">\n\t\t\t\t\t<div class=\"elementor-field\" id=\"form-field-captcha\"><div class=\"elementor-g-recaptcha\" data-sitekey=\"6Lf8ncwqAAAAAJYwCG_61P79AFP5ONUMPzQ4F_pC\" data-type=\"v3\" data-action=\"Form\" data-badge=\"bottomright\" data-size=\"invisible\"><\/div><\/div>\t\t\t\t<\/div>\n\t\t\t\t\t\t\t\t<div class=\"elementor-field-type-acceptance elementor-field-group elementor-column elementor-field-group-acepta_privacidad elementor-col-100 elementor-field-required\">\n\t\t\t\t\t\t\t<div class=\"elementor-field-subgroup\">\n\t\t\t<span class=\"elementor-field-option\">\n\t\t\t\t<input type=\"checkbox\" name=\"form_fields[acepta_privacidad]\" id=\"form-field-acepta_privacidad\" class=\"elementor-field elementor-size-sm  elementor-acceptance-field\" required=\"required\">\n\t\t\t\t<label for=\"form-field-acepta_privacidad\">I have read and agree to receive information about new icareCTG courses, scientific and informational articles on fetal monitoring. SPAM will not be sent under any circumstances. By sending this email I accept the <a href=\"\/politica-de-privacidad\/\" target=\"_blank\">Privacy Policy<\/a>.  <\/label>\t\t\t<\/span>\n\t\t<\/div>\n\t\t\t\t\t\t<\/div>\n\t\t\t\t\t\t\t\t<div class=\"elementor-field-group elementor-column elementor-field-type-submit elementor-col-100 e-form__buttons\">\n\t\t\t\t\t<button class=\"elementor-button elementor-size-sm\" type=\"submit\">\n\t\t\t\t\t\t<span class=\"elementor-button-content-wrapper\">\n\t\t\t\t\t\t\t\t\t\t\t\t\t\t\t\t\t\t\t\t\t\t<span class=\"elementor-button-text\">send<\/span>\n\t\t\t\t\t\t\t\t\t\t\t\t\t<\/span>\n\t\t\t\t\t<\/button>\n\t\t\t\t<\/div>\n\t\t\t<\/div>\n\t\t<\/form>\n\t\t\t\t\t\t<\/div>\n\t\t\t\t<\/div>\n\t\t\t\t<\/div>\n\t\t\t\t\t<\/div>\n\t\t\t\t<\/div>\n\t\t\t\t<\/div>\n\t\t\t\t<\/div>\n\t\t","protected":false},"excerpt":{"rendered":"<p>Contact You can write to us at in&#102;&#111;&#64;&#105;&#x63;&#x61;&#x72;&#x65;&#x63;tg&#46;&#99;&#111;&#109;, complete the contact form, or, if you wish to send us a cardiotocographic (CTG) record for analysis, click here. We will respond as soon as possible! \ud83d\ude0a<\/p>\n","protected":false},"author":1,"featured_media":38299,"parent":0,"menu_order":0,"comment_status":"closed","ping_status":"closed","template":"","meta":{"footnotes":""},"class_list":["post-38442","page","type-page","status-publish","has-post-thumbnail","hentry"],"yoast_head":"<!-- This site is optimized with the Yoast SEO plugin v26.3 - https:\/\/yoast.com\/wordpress\/plugins\/seo\/ -->\n<title>Contact icareCTG - Send Us your Questions about Fetal Monitoring<\/title>\n<meta name=\"description\" content=\"Write to us by email or fill out the form for inquiries about RCTG training and interpretation. Case submission available.\" \/>\n<meta name=\"robots\" content=\"index, follow, max-snippet:-1, max-image-preview:large, max-video-preview:-1\" \/>\n<link rel=\"canonical\" href=\"https:\/\/www.icarectg.com\/en\/contact\/\" \/>\n<meta property=\"og:locale\" content=\"en_US\" \/>\n<meta property=\"og:type\" content=\"article\" \/>\n<meta property=\"og:title\" content=\"Contact icareCTG - Send Us your Questions about Fetal Monitoring\" \/>\n<meta property=\"og:description\" content=\"Write to us by email or fill out the form for inquiries about RCTG training and interpretation. Case submission available.\" \/>\n<meta property=\"og:url\" content=\"https:\/\/www.icarectg.com\/en\/contact\/\" \/>\n<meta property=\"og:site_name\" content=\"icareCTG\" \/>\n<meta property=\"article:modified_time\" content=\"2025-09-18T10:46:08+00:00\" \/>\n<meta property=\"og:image\" content=\"https:\/\/www.icarectg.com\/wp-content\/uploads\/2025\/02\/icare_thumb.png\" \/>\n\t<meta property=\"og:image:width\" content=\"1551\" \/>\n\t<meta property=\"og:image:height\" content=\"716\" \/>\n\t<meta property=\"og:image:type\" content=\"image\/png\" \/>\n<meta name=\"twitter:card\" content=\"summary_large_image\" \/>\n<script type=\"application\/ld+json\" class=\"yoast-schema-graph\">{\"@context\":\"https:\/\/schema.org\",\"@graph\":[{\"@type\":\"WebPage\",\"@id\":\"https:\/\/www.icarectg.com\/en\/contact\/\",\"url\":\"https:\/\/www.icarectg.com\/en\/contact\/\",\"name\":\"Contact icareCTG - Send Us your Questions about Fetal Monitoring\",\"isPartOf\":{\"@id\":\"https:\/\/www.icarectg.com\/en\/#website\"},\"primaryImageOfPage\":{\"@id\":\"https:\/\/www.icarectg.com\/en\/contact\/#primaryimage\"},\"image\":{\"@id\":\"https:\/\/www.icarectg.com\/en\/contact\/#primaryimage\"},\"thumbnailUrl\":\"https:\/\/www.icarectg.com\/wp-content\/uploads\/2025\/02\/icare_thumb.png\",\"datePublished\":\"2025-02-13T14:58:30+00:00\",\"dateModified\":\"2025-09-18T10:46:08+00:00\",\"description\":\"Write to us by email or fill out the form for inquiries about RCTG training and interpretation. Case submission available.\",\"breadcrumb\":{\"@id\":\"https:\/\/www.icarectg.com\/en\/contact\/#breadcrumb\"},\"inLanguage\":\"en-US\",\"potentialAction\":[{\"@type\":\"ReadAction\",\"target\":[\"https:\/\/www.icarectg.com\/en\/contact\/\"]}]},{\"@type\":\"ImageObject\",\"inLanguage\":\"en-US\",\"@id\":\"https:\/\/www.icarectg.com\/en\/contact\/#primaryimage\",\"url\":\"https:\/\/www.icarectg.com\/wp-content\/uploads\/2025\/02\/icare_thumb.png\",\"contentUrl\":\"https:\/\/www.icarectg.com\/wp-content\/uploads\/2025\/02\/icare_thumb.png\",\"width\":1551,\"height\":716,\"caption\":\"Training in Fetal Monitoring and Interpretation of Cardiotocographic CTG Records Based on Pathophysiology with icareCTG.\"},{\"@type\":\"BreadcrumbList\",\"@id\":\"https:\/\/www.icarectg.com\/en\/contact\/#breadcrumb\",\"itemListElement\":[{\"@type\":\"ListItem\",\"position\":1,\"name\":\"Portada\",\"item\":\"https:\/\/www.icarectg.com\/en\/\"},{\"@type\":\"ListItem\",\"position\":2,\"name\":\"Contact\"}]},{\"@type\":\"WebSite\",\"@id\":\"https:\/\/www.icarectg.com\/en\/#website\",\"url\":\"https:\/\/www.icarectg.com\/en\/\",\"name\":\"icareCTG\",\"description\":\"Interpretaci\u00f3n de registros cardiotocogr\u00e1ficos (RCTG) basado en fisiopatolog\u00eda\",\"publisher\":{\"@id\":\"https:\/\/www.icarectg.com\/en\/#organization\"},\"potentialAction\":[{\"@type\":\"SearchAction\",\"target\":{\"@type\":\"EntryPoint\",\"urlTemplate\":\"https:\/\/www.icarectg.com\/en\/?s={search_term_string}\"},\"query-input\":{\"@type\":\"PropertyValueSpecification\",\"valueRequired\":true,\"valueName\":\"search_term_string\"}}],\"inLanguage\":\"en-US\"},{\"@type\":\"Organization\",\"@id\":\"https:\/\/www.icarectg.com\/en\/#organization\",\"name\":\"icareCTG\",\"url\":\"https:\/\/www.icarectg.com\/en\/\",\"logo\":{\"@type\":\"ImageObject\",\"inLanguage\":\"en-US\",\"@id\":\"https:\/\/www.icarectg.com\/en\/#\/schema\/logo\/image\/\",\"url\":\"https:\/\/www.icarectg.com\/wp-content\/uploads\/2025\/01\/Asset-5.svg\",\"contentUrl\":\"https:\/\/www.icarectg.com\/wp-content\/uploads\/2025\/01\/Asset-5.svg\",\"width\":411,\"height\":166,\"caption\":\"icareCTG\"},\"image\":{\"@id\":\"https:\/\/www.icarectg.com\/en\/#\/schema\/logo\/image\/\"}}]}<\/script>\n<!-- \/ Yoast SEO plugin. -->","yoast_head_json":{"title":"Contact icareCTG - Send Us your Questions about Fetal Monitoring","description":"Write to us by email or fill out the form for inquiries about RCTG training and interpretation. Case submission available.","robots":{"index":"index","follow":"follow","max-snippet":"max-snippet:-1","max-image-preview":"max-image-preview:large","max-video-preview":"max-video-preview:-1"},"canonical":"https:\/\/www.icarectg.com\/en\/contact\/","og_locale":"en_US","og_type":"article","og_title":"Contact icareCTG - Send Us your Questions about Fetal Monitoring","og_description":"Write to us by email or fill out the form for inquiries about RCTG training and interpretation. Case submission available.","og_url":"https:\/\/www.icarectg.com\/en\/contact\/","og_site_name":"icareCTG","article_modified_time":"2025-09-18T10:46:08+00:00","og_image":[{"width":1551,"height":716,"url":"https:\/\/www.icarectg.com\/wp-content\/uploads\/2025\/02\/icare_thumb.png","type":"image\/png"}],"twitter_card":"summary_large_image","schema":{"@context":"https:\/\/schema.org","@graph":[{"@type":"WebPage","@id":"https:\/\/www.icarectg.com\/en\/contact\/","url":"https:\/\/www.icarectg.com\/en\/contact\/","name":"Contact icareCTG - Send Us your Questions about Fetal Monitoring","isPartOf":{"@id":"https:\/\/www.icarectg.com\/en\/#website"},"primaryImageOfPage":{"@id":"https:\/\/www.icarectg.com\/en\/contact\/#primaryimage"},"image":{"@id":"https:\/\/www.icarectg.com\/en\/contact\/#primaryimage"},"thumbnailUrl":"https:\/\/www.icarectg.com\/wp-content\/uploads\/2025\/02\/icare_thumb.png","datePublished":"2025-02-13T14:58:30+00:00","dateModified":"2025-09-18T10:46:08+00:00","description":"Write to us by email or fill out the form for inquiries about RCTG training and interpretation. Case submission available.","breadcrumb":{"@id":"https:\/\/www.icarectg.com\/en\/contact\/#breadcrumb"},"inLanguage":"en-US","potentialAction":[{"@type":"ReadAction","target":["https:\/\/www.icarectg.com\/en\/contact\/"]}]},{"@type":"ImageObject","inLanguage":"en-US","@id":"https:\/\/www.icarectg.com\/en\/contact\/#primaryimage","url":"https:\/\/www.icarectg.com\/wp-content\/uploads\/2025\/02\/icare_thumb.png","contentUrl":"https:\/\/www.icarectg.com\/wp-content\/uploads\/2025\/02\/icare_thumb.png","width":1551,"height":716,"caption":"Training in Fetal Monitoring and Interpretation of Cardiotocographic CTG Records Based on Pathophysiology with icareCTG."},{"@type":"BreadcrumbList","@id":"https:\/\/www.icarectg.com\/en\/contact\/#breadcrumb","itemListElement":[{"@type":"ListItem","position":1,"name":"Portada","item":"https:\/\/www.icarectg.com\/en\/"},{"@type":"ListItem","position":2,"name":"Contact"}]},{"@type":"WebSite","@id":"https:\/\/www.icarectg.com\/en\/#website","url":"https:\/\/www.icarectg.com\/en\/","name":"icareCTG","description":"Interpretaci\u00f3n de registros cardiotocogr\u00e1ficos (RCTG) basado en fisiopatolog\u00eda","publisher":{"@id":"https:\/\/www.icarectg.com\/en\/#organization"},"potentialAction":[{"@type":"SearchAction","target":{"@type":"EntryPoint","urlTemplate":"https:\/\/www.icarectg.com\/en\/?s={search_term_string}"},"query-input":{"@type":"PropertyValueSpecification","valueRequired":true,"valueName":"search_term_string"}}],"inLanguage":"en-US"},{"@type":"Organization","@id":"https:\/\/www.icarectg.com\/en\/#organization","name":"icareCTG","url":"https:\/\/www.icarectg.com\/en\/","logo":{"@type":"ImageObject","inLanguage":"en-US","@id":"https:\/\/www.icarectg.com\/en\/#\/schema\/logo\/image\/","url":"https:\/\/www.icarectg.com\/wp-content\/uploads\/2025\/01\/Asset-5.svg","contentUrl":"https:\/\/www.icarectg.com\/wp-content\/uploads\/2025\/01\/Asset-5.svg","width":411,"height":166,"caption":"icareCTG"},"image":{"@id":"https:\/\/www.icarectg.com\/en\/#\/schema\/logo\/image\/"}}]}},"_links":{"self":[{"href":"https:\/\/www.icarectg.com\/en\/wp-json\/wp\/v2\/pages\/38442","targetHints":{"allow":["GET"]}}],"collection":[{"href":"https:\/\/www.icarectg.com\/en\/wp-json\/wp\/v2\/pages"}],"about":[{"href":"https:\/\/www.icarectg.com\/en\/wp-json\/wp\/v2\/types\/page"}],"author":[{"embeddable":true,"href":"https:\/\/www.icarectg.com\/en\/wp-json\/wp\/v2\/users\/1"}],"replies":[{"embeddable":true,"href":"https:\/\/www.icarectg.com\/en\/wp-json\/wp\/v2\/comments?post=38442"}],"version-history":[{"count":1,"href":"https:\/\/www.icarectg.com\/en\/wp-json\/wp\/v2\/pages\/38442\/revisions"}],"predecessor-version":[{"id":38443,"href":"https:\/\/www.icarectg.com\/en\/wp-json\/wp\/v2\/pages\/38442\/revisions\/38443"}],"wp:featuredmedia":[{"embeddable":true,"href":"https:\/\/www.icarectg.com\/en\/wp-json\/wp\/v2\/media\/38299"}],"wp:attachment":[{"href":"https:\/\/www.icarectg.com\/en\/wp-json\/wp\/v2\/media?parent=38442"}],"curies":[{"name":"wp","href":"https:\/\/api.w.org\/{rel}","templated":true}]}}