{"id":38436,"date":"2025-02-13T13:22:05","date_gmt":"2025-02-13T12:22:05","guid":{"rendered":"https:\/\/www.icarectg.com\/teactg\/"},"modified":"2025-09-18T12:46:08","modified_gmt":"2025-09-18T10:46:08","slug":"teactg","status":"publish","type":"page","link":"https:\/\/www.icarectg.com\/en\/teactg\/","title":{"rendered":"Tea&amp;CTG"},"content":{"rendered":"\t\t<div data-elementor-type=\"wp-page\" data-elementor-id=\"38436\" class=\"elementor elementor-38436 elementor-36786\" data-elementor-post-type=\"page\">\n\t\t\t\t<div class=\"elementor-element elementor-element-2469bb4 e-con-full e-flex e-con e-parent\" data-id=\"2469bb4\" data-element_type=\"container\" data-e-type=\"container\" data-settings=\"{&quot;background_background&quot;:&quot;classic&quot;}\">\n\t\t<div class=\"elementor-element elementor-element-540fd39 e-flex e-con-boxed e-con e-child\" data-id=\"540fd39\" data-element_type=\"container\" data-e-type=\"container\">\n\t\t\t\t\t<div class=\"e-con-inner\">\n\t\t<div class=\"elementor-element elementor-element-b29cef8 e-con-full e-flex e-con e-child\" data-id=\"b29cef8\" data-element_type=\"container\" data-e-type=\"container\">\n\t\t\t\t<div class=\"elementor-element elementor-element-decaed8 elementor-widget elementor-widget-heading\" data-id=\"decaed8\" data-element_type=\"widget\" data-e-type=\"widget\" data-widget_type=\"heading.default\">\n\t\t\t\t<div class=\"elementor-widget-container\">\n\t\t\t\t\t<h1 class=\"elementor-heading-title elementor-size-default\">Tea&amp;CTG<\/h1>\t\t\t\t<\/div>\n\t\t\t\t<\/div>\n\t\t\t\t<\/div>\n\t\t\t\t\t<\/div>\n\t\t\t\t<\/div>\n\t\t\t\t<\/div>\n\t\t<div class=\"elementor-element elementor-element-10dfdba e-con-full e-flex e-con e-parent\" data-id=\"10dfdba\" data-element_type=\"container\" data-e-type=\"container\" data-settings=\"{&quot;background_background&quot;:&quot;classic&quot;}\">\n\t\t<div class=\"elementor-element elementor-element-618b785 e-flex e-con-boxed e-con e-child\" data-id=\"618b785\" data-element_type=\"container\" data-e-type=\"container\">\n\t\t\t\t\t<div class=\"e-con-inner\">\n\t\t<div class=\"elementor-element elementor-element-ca75457 e-con-full e-flex e-con e-child\" data-id=\"ca75457\" data-element_type=\"container\" data-e-type=\"container\">\n\t\t\t\t<div class=\"elementor-element elementor-element-8603765 elementor-widget elementor-widget-heading\" data-id=\"8603765\" data-element_type=\"widget\" data-e-type=\"widget\" data-widget_type=\"heading.default\">\n\t\t\t\t<div class=\"elementor-widget-container\">\n\t\t\t\t\t<h3 class=\"elementor-heading-title elementor-size-default\">Shall we have a cup of tea while discussing a cardiotocographic record?<\/h3>\t\t\t\t<\/div>\n\t\t\t\t<\/div>\n\t\t<div class=\"elementor-element elementor-element-77f733c e-con-full e-flex e-con e-child\" data-id=\"77f733c\" data-element_type=\"container\" data-e-type=\"container\">\n\t\t\t\t<div class=\"elementor-element elementor-element-908b1e9 elementor-widget elementor-widget-image\" data-id=\"908b1e9\" data-element_type=\"widget\" data-e-type=\"widget\" data-widget_type=\"image.default\">\n\t\t\t\t<div class=\"elementor-widget-container\">\n\t\t\t\t\t\t\t\t\t\t\t\t\t\t\t<img decoding=\"async\" width=\"127\" height=\"88\" src=\"https:\/\/www.icarectg.com\/wp-content\/uploads\/2025\/02\/Asset-19.svg\" class=\"attachment-large size-large wp-image-38330\" alt=\"\" \/>\t\t\t\t\t\t\t\t\t\t\t\t\t\t\t<\/div>\n\t\t\t\t<\/div>\n\t\t\t\t<\/div>\n\t\t\t\t<\/div>\n\t\t\t\t\t<\/div>\n\t\t\t\t<\/div>\n\t\t\t\t<\/div>\n\t\t<div class=\"elementor-element elementor-element-ae67144 e-con-full e-flex e-con e-parent\" data-id=\"ae67144\" data-element_type=\"container\" data-e-type=\"container\">\n\t\t<div class=\"elementor-element elementor-element-51da145 e-flex e-con-boxed e-con e-child\" data-id=\"51da145\" data-element_type=\"container\" data-e-type=\"container\">\n\t\t\t\t\t<div class=\"e-con-inner\">\n\t\t<div class=\"elementor-element elementor-element-c6c2c27 e-con-full e-flex e-con e-child\" data-id=\"c6c2c27\" data-element_type=\"container\" data-e-type=\"container\">\n\t\t<div class=\"elementor-element elementor-element-90958a0 e-con-full e-flex e-con e-child\" data-id=\"90958a0\" data-element_type=\"container\" data-e-type=\"container\">\n\t\t<div class=\"elementor-element elementor-element-69c56d3 e-con-full e-flex e-con e-child\" data-id=\"69c56d3\" data-element_type=\"container\" data-e-type=\"container\">\n\t\t<div class=\"elementor-element elementor-element-3156771 e-con-full e-flex e-con e-child\" data-id=\"3156771\" data-element_type=\"container\" data-e-type=\"container\">\n\t\t<div class=\"elementor-element elementor-element-7c31344 e-con-full e-flex e-con e-child\" data-id=\"7c31344\" data-element_type=\"container\" data-e-type=\"container\">\n\t\t\t\t<div class=\"elementor-element elementor-element-149b72b elementor-widget elementor-widget-text-editor\" data-id=\"149b72b\" data-element_type=\"widget\" data-e-type=\"widget\" data-widget_type=\"text-editor.default\">\n\t\t\t\t<div class=\"elementor-widget-container\">\n\t\t\t\t\t\t\t\t\t<p><strong>When?<\/strong><\/p>\t\t\t\t\t\t\t\t<\/div>\n\t\t\t\t<\/div>\n\t\t\t\t<\/div>\n\t\t<div class=\"elementor-element elementor-element-f0a9233 e-con-full e-flex e-con e-child\" data-id=\"f0a9233\" data-element_type=\"container\" data-e-type=\"container\">\n\t\t\t\t<div class=\"elementor-element elementor-element-b01428a elementor-widget elementor-widget-text-editor\" data-id=\"b01428a\" data-element_type=\"widget\" data-e-type=\"widget\" data-widget_type=\"text-editor.default\">\n\t\t\t\t<div class=\"elementor-widget-container\">\n\t\t\t\t\t\t\t\t\t<p style=\"text-align: right;\">The first Tuesday of each month, at 8 PM<\/p>\t\t\t\t\t\t\t\t<\/div>\n\t\t\t\t<\/div>\n\t\t\t\t<\/div>\n\t\t\t\t<\/div>\n\t\t<div class=\"elementor-element elementor-element-2e0b8ed e-con-full e-flex e-con e-child\" data-id=\"2e0b8ed\" data-element_type=\"container\" data-e-type=\"container\">\n\t\t<div class=\"elementor-element elementor-element-fd1d6ac e-con-full e-flex e-con e-child\" data-id=\"fd1d6ac\" data-element_type=\"container\" data-e-type=\"container\">\n\t\t\t\t<div class=\"elementor-element elementor-element-0588ada elementor-widget elementor-widget-text-editor\" data-id=\"0588ada\" data-element_type=\"widget\" data-e-type=\"widget\" data-widget_type=\"text-editor.default\">\n\t\t\t\t<div class=\"elementor-widget-container\">\n\t\t\t\t\t\t\t\t\t<p><strong>Where?<\/strong><\/p>\t\t\t\t\t\t\t\t<\/div>\n\t\t\t\t<\/div>\n\t\t\t\t<\/div>\n\t\t<div class=\"elementor-element elementor-element-7859450 e-con-full e-flex e-con e-child\" data-id=\"7859450\" data-element_type=\"container\" data-e-type=\"container\">\n\t\t\t\t<div class=\"elementor-element elementor-element-5a59764 elementor-widget elementor-widget-text-editor\" data-id=\"5a59764\" data-element_type=\"widget\" data-e-type=\"widget\" data-widget_type=\"text-editor.default\">\n\t\t\t\t<div class=\"elementor-widget-container\">\n\t\t\t\t\t\t\t\t\t<p style=\"text-align: right;\">On <a href=\"https:\/\/www.instagram.com\/icarectg_anna_gracia\/\" target=\"_blank\" rel=\"noopener\">Instagram live<\/a><\/p>\t\t\t\t\t\t\t\t<\/div>\n\t\t\t\t<\/div>\n\t\t\t\t<\/div>\n\t\t\t\t<\/div>\n\t\t<div class=\"elementor-element elementor-element-712404a e-con-full e-flex e-con e-child\" data-id=\"712404a\" data-element_type=\"container\" data-e-type=\"container\">\n\t\t<div class=\"elementor-element elementor-element-c53a33d e-con-full e-flex e-con e-child\" data-id=\"c53a33d\" data-element_type=\"container\" data-e-type=\"container\">\n\t\t\t\t<div class=\"elementor-element elementor-element-88e5c87 elementor-widget elementor-widget-text-editor\" data-id=\"88e5c87\" data-element_type=\"widget\" data-e-type=\"widget\" data-widget_type=\"text-editor.default\">\n\t\t\t\t<div class=\"elementor-widget-container\">\n\t\t\t\t\t\t\t\t\t<p><strong>Will I be able to see the case beforehand?<\/strong><\/p>\t\t\t\t\t\t\t\t<\/div>\n\t\t\t\t<\/div>\n\t\t\t\t<\/div>\n\t\t<div class=\"elementor-element elementor-element-bee14fe e-con-full e-flex e-con e-child\" data-id=\"bee14fe\" data-element_type=\"container\" data-e-type=\"container\">\n\t\t\t\t<div class=\"elementor-element elementor-element-071cae6 elementor-widget elementor-widget-text-editor\" data-id=\"071cae6\" data-element_type=\"widget\" data-e-type=\"widget\" data-widget_type=\"text-editor.default\">\n\t\t\t\t<div class=\"elementor-widget-container\">\n\t\t\t\t\t\t\t\t\t<p style=\"text-align: right;\">We send it that morning to those subscribed to the Newsletter<\/p>\t\t\t\t\t\t\t\t<\/div>\n\t\t\t\t<\/div>\n\t\t\t\t<\/div>\n\t\t\t\t<\/div>\n\t\t\t\t<\/div>\n\t\t\t\t<\/div>\n\t\t<div class=\"elementor-element elementor-element-a691a3c e-con-full e-flex e-con e-child\" data-id=\"a691a3c\" data-element_type=\"container\" data-e-type=\"container\">\n\t\t\t\t<div class=\"elementor-element elementor-element-26c4c90 elementor-widget elementor-widget-text-editor\" data-id=\"26c4c90\" data-element_type=\"widget\" data-e-type=\"widget\" data-widget_type=\"text-editor.default\">\n\t\t\t\t<div class=\"elementor-widget-container\">\n\t\t\t\t\t\t\t\t\t<p><strong>We always do it under 3 principles:<\/strong><\/p>\t\t\t\t\t\t\t\t<\/div>\n\t\t\t\t<\/div>\n\t\t\t\t<div class=\"elementor-element elementor-element-7b2963a elementor-icon-list--layout-traditional elementor-list-item-link-full_width elementor-widget elementor-widget-icon-list\" data-id=\"7b2963a\" data-element_type=\"widget\" data-e-type=\"widget\" data-widget_type=\"icon-list.default\">\n\t\t\t\t<div class=\"elementor-widget-container\">\n\t\t\t\t\t\t\t<ul class=\"elementor-icon-list-items\">\n\t\t\t\t\t\t\t<li class=\"elementor-icon-list-item\">\n\t\t\t\t\t\t\t\t\t\t\t<span class=\"elementor-icon-list-icon\">\n\t\t\t\t\t\t\t<svg xmlns=\"http:\/\/www.w3.org\/2000\/svg\" width=\"22.6\" height=\"17.387\" viewBox=\"0 0 22.6 17.387\"><path id=\"Icon_akar-check\" data-name=\"Icon akar-check\" d=\"M6,15.887l6.887,6.887L24.366,9\" transform=\"translate(-3.879 -6.887)\" fill=\"none\" stroke=\"#849fa5\" stroke-linecap=\"round\" stroke-linejoin=\"round\" stroke-width=\"3\"><\/path><\/svg>\t\t\t\t\t\t<\/span>\n\t\t\t\t\t\t\t\t\t\t<span class=\"elementor-icon-list-text\">The strictest anonymity<\/span>\n\t\t\t\t\t\t\t\t\t<\/li>\n\t\t\t\t\t\t\t\t<li class=\"elementor-icon-list-item\">\n\t\t\t\t\t\t\t\t\t\t\t<span class=\"elementor-icon-list-icon\">\n\t\t\t\t\t\t\t<svg xmlns=\"http:\/\/www.w3.org\/2000\/svg\" width=\"22.6\" height=\"17.387\" viewBox=\"0 0 22.6 17.387\"><path id=\"Icon_akar-check\" data-name=\"Icon akar-check\" d=\"M6,15.887l6.887,6.887L24.366,9\" transform=\"translate(-3.879 -6.887)\" fill=\"none\" stroke=\"#849fa5\" stroke-linecap=\"round\" stroke-linejoin=\"round\" stroke-width=\"3\"><\/path><\/svg>\t\t\t\t\t\t<\/span>\n\t\t\t\t\t\t\t\t\t\t<span class=\"elementor-icon-list-text\">Respect for the professionals<\/span>\n\t\t\t\t\t\t\t\t\t<\/li>\n\t\t\t\t\t\t\t\t<li class=\"elementor-icon-list-item\">\n\t\t\t\t\t\t\t\t\t\t\t<span class=\"elementor-icon-list-icon\">\n\t\t\t\t\t\t\t<svg xmlns=\"http:\/\/www.w3.org\/2000\/svg\" width=\"22.6\" height=\"17.387\" viewBox=\"0 0 22.6 17.387\"><path id=\"Icon_akar-check\" data-name=\"Icon akar-check\" d=\"M6,15.887l6.887,6.887L24.366,9\" transform=\"translate(-3.879 -6.887)\" fill=\"none\" stroke=\"#849fa5\" stroke-linecap=\"round\" stroke-linejoin=\"round\" stroke-width=\"3\"><\/path><\/svg>\t\t\t\t\t\t<\/span>\n\t\t\t\t\t\t\t\t\t\t<span class=\"elementor-icon-list-text\">With a constructive and didactic attitude<\/span>\n\t\t\t\t\t\t\t\t\t<\/li>\n\t\t\t\t\t\t<\/ul>\n\t\t\t\t\t\t<\/div>\n\t\t\t\t<\/div>\n\t\t\t\t<\/div>\n\t\t\t\t<\/div>\n\t\t\t\t\t<\/div>\n\t\t\t\t<\/div>\n\t\t\t\t<\/div>\n\t\t<div class=\"elementor-element elementor-element-94fc53e e-con-full e-flex e-con e-parent\" data-id=\"94fc53e\" data-element_type=\"container\" data-e-type=\"container\" data-settings=\"{&quot;background_background&quot;:&quot;classic&quot;}\">\n\t\t<div class=\"elementor-element elementor-element-c94d395 e-flex e-con-boxed e-con e-child\" data-id=\"c94d395\" data-element_type=\"container\" data-e-type=\"container\">\n\t\t\t\t\t<div class=\"e-con-inner\">\n\t\t<div class=\"elementor-element elementor-element-7d4995b e-con-full e-flex e-con e-child\" data-id=\"7d4995b\" data-element_type=\"container\" data-e-type=\"container\">\n\t\t\t\t<div class=\"elementor-element elementor-element-da51d75 elementor-widget elementor-widget-heading\" data-id=\"da51d75\" data-element_type=\"widget\" data-e-type=\"widget\" data-widget_type=\"heading.default\">\n\t\t\t\t<div class=\"elementor-widget-container\">\n\t\t\t\t\t<h3 class=\"elementor-heading-title elementor-size-default\">Latest cases<\/h3>\t\t\t\t<\/div>\n\t\t\t\t<\/div>\n\t\t\t\t<\/div>\n\t\t<div class=\"elementor-element elementor-element-2afcbff e-con-full e-flex e-con e-child\" data-id=\"2afcbff\" data-element_type=\"container\" data-e-type=\"container\">\n\t\t<div class=\"elementor-element elementor-element-5fc2f3d e-flex e-con-boxed e-con e-child\" data-id=\"5fc2f3d\" data-element_type=\"container\" data-e-type=\"container\">\n\t\t\t\t\t<div class=\"e-con-inner\">\n\t\t\t\t\t<\/div>\n\t\t\t\t<\/div>\n\t\t\t\t<\/div>\n\t\t\t\t\t<\/div>\n\t\t\t\t<\/div>\n\t\t\t\t<\/div>\n\t\t\t\t<\/div>\n\t\t","protected":false},"excerpt":{"rendered":"<p>Tea&amp;CTG Shall we have a cup of tea while discussing a cardiotocographic record? When? The first Tuesday of each month, at 8 PM Where? On Instagram live Will I be able to see the case beforehand? We send it that morning to those subscribed to the Newsletter We always do it under 3 principles: The [&hellip;]<\/p>\n","protected":false},"author":1,"featured_media":38299,"parent":0,"menu_order":0,"comment_status":"closed","ping_status":"closed","template":"","meta":{"footnotes":""},"class_list":["post-38436","page","type-page","status-publish","has-post-thumbnail","hentry"],"yoast_head":"<!-- This site is optimized with the Yoast SEO plugin v26.3 - https:\/\/yoast.com\/wordpress\/plugins\/seo\/ -->\n<title>Tea&amp;CTG: We Analyze Live Cardiotocographic Records - icareCTG<\/title>\n<meta name=\"description\" content=\"Each month, we analyze a live CTG on Instagram Live. Learn to interpret records with real cases and a constructive approach.\" \/>\n<meta name=\"robots\" content=\"index, follow, max-snippet:-1, max-image-preview:large, max-video-preview:-1\" \/>\n<link rel=\"canonical\" href=\"https:\/\/www.icarectg.com\/en\/teactg\/\" \/>\n<meta property=\"og:locale\" content=\"en_US\" \/>\n<meta property=\"og:type\" content=\"article\" \/>\n<meta property=\"og:title\" content=\"Tea&amp;CTG: We Analyze Live Cardiotocographic Records - icareCTG\" \/>\n<meta property=\"og:description\" content=\"Each month, we analyze a live CTG on Instagram Live. Learn to interpret records with real cases and a constructive approach.\" \/>\n<meta property=\"og:url\" content=\"https:\/\/www.icarectg.com\/en\/teactg\/\" \/>\n<meta property=\"og:site_name\" content=\"icareCTG\" \/>\n<meta property=\"article:modified_time\" content=\"2025-09-18T10:46:08+00:00\" \/>\n<meta property=\"og:image\" content=\"https:\/\/www.icarectg.com\/wp-content\/uploads\/2025\/02\/icare_thumb.png\" \/>\n\t<meta property=\"og:image:width\" content=\"1551\" \/>\n\t<meta property=\"og:image:height\" content=\"716\" \/>\n\t<meta property=\"og:image:type\" content=\"image\/png\" \/>\n<meta name=\"twitter:card\" content=\"summary_large_image\" \/>\n<script type=\"application\/ld+json\" class=\"yoast-schema-graph\">{\"@context\":\"https:\/\/schema.org\",\"@graph\":[{\"@type\":\"WebPage\",\"@id\":\"https:\/\/www.icarectg.com\/en\/teactg\/\",\"url\":\"https:\/\/www.icarectg.com\/en\/teactg\/\",\"name\":\"Tea&CTG: We Analyze Live Cardiotocographic Records - icareCTG\",\"isPartOf\":{\"@id\":\"https:\/\/www.icarectg.com\/en\/#website\"},\"primaryImageOfPage\":{\"@id\":\"https:\/\/www.icarectg.com\/en\/teactg\/#primaryimage\"},\"image\":{\"@id\":\"https:\/\/www.icarectg.com\/en\/teactg\/#primaryimage\"},\"thumbnailUrl\":\"https:\/\/www.icarectg.com\/wp-content\/uploads\/2025\/02\/icare_thumb.png\",\"datePublished\":\"2025-02-13T12:22:05+00:00\",\"dateModified\":\"2025-09-18T10:46:08+00:00\",\"description\":\"Each month, we analyze a live CTG on Instagram Live. Learn to interpret records with real cases and a constructive approach.\",\"breadcrumb\":{\"@id\":\"https:\/\/www.icarectg.com\/en\/teactg\/#breadcrumb\"},\"inLanguage\":\"en-US\",\"potentialAction\":[{\"@type\":\"ReadAction\",\"target\":[\"https:\/\/www.icarectg.com\/en\/teactg\/\"]}]},{\"@type\":\"ImageObject\",\"inLanguage\":\"en-US\",\"@id\":\"https:\/\/www.icarectg.com\/en\/teactg\/#primaryimage\",\"url\":\"https:\/\/www.icarectg.com\/wp-content\/uploads\/2025\/02\/icare_thumb.png\",\"contentUrl\":\"https:\/\/www.icarectg.com\/wp-content\/uploads\/2025\/02\/icare_thumb.png\",\"width\":1551,\"height\":716,\"caption\":\"Training in Fetal Monitoring and Interpretation of Cardiotocographic CTG Records Based on Pathophysiology with icareCTG.\"},{\"@type\":\"BreadcrumbList\",\"@id\":\"https:\/\/www.icarectg.com\/en\/teactg\/#breadcrumb\",\"itemListElement\":[{\"@type\":\"ListItem\",\"position\":1,\"name\":\"Portada\",\"item\":\"https:\/\/www.icarectg.com\/en\/\"},{\"@type\":\"ListItem\",\"position\":2,\"name\":\"Tea&amp;CTG\"}]},{\"@type\":\"WebSite\",\"@id\":\"https:\/\/www.icarectg.com\/en\/#website\",\"url\":\"https:\/\/www.icarectg.com\/en\/\",\"name\":\"icareCTG\",\"description\":\"Interpretaci\u00f3n de registros cardiotocogr\u00e1ficos (RCTG) basado en fisiopatolog\u00eda\",\"publisher\":{\"@id\":\"https:\/\/www.icarectg.com\/en\/#organization\"},\"potentialAction\":[{\"@type\":\"SearchAction\",\"target\":{\"@type\":\"EntryPoint\",\"urlTemplate\":\"https:\/\/www.icarectg.com\/en\/?s={search_term_string}\"},\"query-input\":{\"@type\":\"PropertyValueSpecification\",\"valueRequired\":true,\"valueName\":\"search_term_string\"}}],\"inLanguage\":\"en-US\"},{\"@type\":\"Organization\",\"@id\":\"https:\/\/www.icarectg.com\/en\/#organization\",\"name\":\"icareCTG\",\"url\":\"https:\/\/www.icarectg.com\/en\/\",\"logo\":{\"@type\":\"ImageObject\",\"inLanguage\":\"en-US\",\"@id\":\"https:\/\/www.icarectg.com\/en\/#\/schema\/logo\/image\/\",\"url\":\"https:\/\/www.icarectg.com\/wp-content\/uploads\/2025\/01\/Asset-5.svg\",\"contentUrl\":\"https:\/\/www.icarectg.com\/wp-content\/uploads\/2025\/01\/Asset-5.svg\",\"width\":411,\"height\":166,\"caption\":\"icareCTG\"},\"image\":{\"@id\":\"https:\/\/www.icarectg.com\/en\/#\/schema\/logo\/image\/\"}}]}<\/script>\n<!-- \/ Yoast SEO plugin. -->","yoast_head_json":{"title":"Tea&CTG: We Analyze Live Cardiotocographic Records - icareCTG","description":"Each month, we analyze a live CTG on Instagram Live. Learn to interpret records with real cases and a constructive approach.","robots":{"index":"index","follow":"follow","max-snippet":"max-snippet:-1","max-image-preview":"max-image-preview:large","max-video-preview":"max-video-preview:-1"},"canonical":"https:\/\/www.icarectg.com\/en\/teactg\/","og_locale":"en_US","og_type":"article","og_title":"Tea&CTG: We Analyze Live Cardiotocographic Records - icareCTG","og_description":"Each month, we analyze a live CTG on Instagram Live. Learn to interpret records with real cases and a constructive approach.","og_url":"https:\/\/www.icarectg.com\/en\/teactg\/","og_site_name":"icareCTG","article_modified_time":"2025-09-18T10:46:08+00:00","og_image":[{"width":1551,"height":716,"url":"https:\/\/www.icarectg.com\/wp-content\/uploads\/2025\/02\/icare_thumb.png","type":"image\/png"}],"twitter_card":"summary_large_image","schema":{"@context":"https:\/\/schema.org","@graph":[{"@type":"WebPage","@id":"https:\/\/www.icarectg.com\/en\/teactg\/","url":"https:\/\/www.icarectg.com\/en\/teactg\/","name":"Tea&CTG: We Analyze Live Cardiotocographic Records - icareCTG","isPartOf":{"@id":"https:\/\/www.icarectg.com\/en\/#website"},"primaryImageOfPage":{"@id":"https:\/\/www.icarectg.com\/en\/teactg\/#primaryimage"},"image":{"@id":"https:\/\/www.icarectg.com\/en\/teactg\/#primaryimage"},"thumbnailUrl":"https:\/\/www.icarectg.com\/wp-content\/uploads\/2025\/02\/icare_thumb.png","datePublished":"2025-02-13T12:22:05+00:00","dateModified":"2025-09-18T10:46:08+00:00","description":"Each month, we analyze a live CTG on Instagram Live. Learn to interpret records with real cases and a constructive approach.","breadcrumb":{"@id":"https:\/\/www.icarectg.com\/en\/teactg\/#breadcrumb"},"inLanguage":"en-US","potentialAction":[{"@type":"ReadAction","target":["https:\/\/www.icarectg.com\/en\/teactg\/"]}]},{"@type":"ImageObject","inLanguage":"en-US","@id":"https:\/\/www.icarectg.com\/en\/teactg\/#primaryimage","url":"https:\/\/www.icarectg.com\/wp-content\/uploads\/2025\/02\/icare_thumb.png","contentUrl":"https:\/\/www.icarectg.com\/wp-content\/uploads\/2025\/02\/icare_thumb.png","width":1551,"height":716,"caption":"Training in Fetal Monitoring and Interpretation of Cardiotocographic CTG Records Based on Pathophysiology with icareCTG."},{"@type":"BreadcrumbList","@id":"https:\/\/www.icarectg.com\/en\/teactg\/#breadcrumb","itemListElement":[{"@type":"ListItem","position":1,"name":"Portada","item":"https:\/\/www.icarectg.com\/en\/"},{"@type":"ListItem","position":2,"name":"Tea&amp;CTG"}]},{"@type":"WebSite","@id":"https:\/\/www.icarectg.com\/en\/#website","url":"https:\/\/www.icarectg.com\/en\/","name":"icareCTG","description":"Interpretaci\u00f3n de registros cardiotocogr\u00e1ficos (RCTG) basado en fisiopatolog\u00eda","publisher":{"@id":"https:\/\/www.icarectg.com\/en\/#organization"},"potentialAction":[{"@type":"SearchAction","target":{"@type":"EntryPoint","urlTemplate":"https:\/\/www.icarectg.com\/en\/?s={search_term_string}"},"query-input":{"@type":"PropertyValueSpecification","valueRequired":true,"valueName":"search_term_string"}}],"inLanguage":"en-US"},{"@type":"Organization","@id":"https:\/\/www.icarectg.com\/en\/#organization","name":"icareCTG","url":"https:\/\/www.icarectg.com\/en\/","logo":{"@type":"ImageObject","inLanguage":"en-US","@id":"https:\/\/www.icarectg.com\/en\/#\/schema\/logo\/image\/","url":"https:\/\/www.icarectg.com\/wp-content\/uploads\/2025\/01\/Asset-5.svg","contentUrl":"https:\/\/www.icarectg.com\/wp-content\/uploads\/2025\/01\/Asset-5.svg","width":411,"height":166,"caption":"icareCTG"},"image":{"@id":"https:\/\/www.icarectg.com\/en\/#\/schema\/logo\/image\/"}}]}},"_links":{"self":[{"href":"https:\/\/www.icarectg.com\/en\/wp-json\/wp\/v2\/pages\/38436","targetHints":{"allow":["GET"]}}],"collection":[{"href":"https:\/\/www.icarectg.com\/en\/wp-json\/wp\/v2\/pages"}],"about":[{"href":"https:\/\/www.icarectg.com\/en\/wp-json\/wp\/v2\/types\/page"}],"author":[{"embeddable":true,"href":"https:\/\/www.icarectg.com\/en\/wp-json\/wp\/v2\/users\/1"}],"replies":[{"embeddable":true,"href":"https:\/\/www.icarectg.com\/en\/wp-json\/wp\/v2\/comments?post=38436"}],"version-history":[{"count":1,"href":"https:\/\/www.icarectg.com\/en\/wp-json\/wp\/v2\/pages\/38436\/revisions"}],"predecessor-version":[{"id":38439,"href":"https:\/\/www.icarectg.com\/en\/wp-json\/wp\/v2\/pages\/38436\/revisions\/38439"}],"wp:featuredmedia":[{"embeddable":true,"href":"https:\/\/www.icarectg.com\/en\/wp-json\/wp\/v2\/media\/38299"}],"wp:attachment":[{"href":"https:\/\/www.icarectg.com\/en\/wp-json\/wp\/v2\/media?parent=38436"}],"curies":[{"name":"wp","href":"https:\/\/api.w.org\/{rel}","templated":true}]}}