{"id":38329,"date":"2025-02-17T16:03:04","date_gmt":"2025-02-17T15:03:04","guid":{"rendered":"https:\/\/www.icarectg.com\/course-filter\/"},"modified":"2025-09-16T09:56:33","modified_gmt":"2025-09-16T07:56:33","slug":"course-filter","status":"publish","type":"page","link":"https:\/\/www.icarectg.com\/en\/course-filter\/","title":{"rendered":"Course Filter"},"content":{"rendered":"\t\t<div data-elementor-type=\"wp-page\" data-elementor-id=\"38329\" class=\"elementor elementor-38329 elementor-36979\" data-elementor-post-type=\"page\">\n\t\t\t\t<div class=\"elementor-element elementor-element-d055d9f e-con-full e-flex e-con e-parent\" data-id=\"d055d9f\" data-element_type=\"container\" data-e-type=\"container\" data-settings=\"{&quot;background_background&quot;:&quot;classic&quot;}\">\n\t\t<div class=\"elementor-element elementor-element-1ea9c8d e-flex e-con-boxed e-con e-child\" data-id=\"1ea9c8d\" data-element_type=\"container\" data-e-type=\"container\">\n\t\t\t\t\t<div class=\"e-con-inner\">\n\t\t<div class=\"elementor-element elementor-element-90d6a0b e-con-full e-flex e-con e-child\" data-id=\"90d6a0b\" data-element_type=\"container\" data-e-type=\"container\">\n\t\t\t\t<div class=\"elementor-element elementor-element-487d4f8 elementor-widget elementor-widget-heading\" data-id=\"487d4f8\" data-element_type=\"widget\" data-e-type=\"widget\" data-widget_type=\"heading.default\">\n\t\t\t\t<div class=\"elementor-widget-container\">\n\t\t\t\t\t<h1 class=\"elementor-heading-title elementor-size-default\">Upcoming Masterclasses<\/h1>\t\t\t\t<\/div>\n\t\t\t\t<\/div>\n\t\t\t\t<\/div>\n\t\t\t\t\t<\/div>\n\t\t\t\t<\/div>\n\t\t\t\t<\/div>\n\t\t<div class=\"elementor-element elementor-element-b61b5b3 e-con-full e-flex e-con e-parent\" data-id=\"b61b5b3\" data-element_type=\"container\" data-e-type=\"container\" data-settings=\"{&quot;background_background&quot;:&quot;classic&quot;}\">\n\t\t<div class=\"elementor-element elementor-element-6b55a77 e-flex e-con-boxed e-con e-child\" data-id=\"6b55a77\" data-element_type=\"container\" data-e-type=\"container\">\n\t\t\t\t\t<div class=\"e-con-inner\">\n\t\t<div class=\"elementor-element elementor-element-559c4f1 e-con-full e-flex e-con e-child\" data-id=\"559c4f1\" data-element_type=\"container\" data-e-type=\"container\">\n\t\t\t\t<div class=\"elementor-element elementor-element-e2e84dc elementor-widget elementor-widget-text-editor\" data-id=\"e2e84dc\" data-element_type=\"widget\" data-e-type=\"widget\" data-widget_type=\"text-editor.default\">\n\t\t\t\t<div class=\"elementor-widget-container\">\n\t\t\t\t\t\t\t\t\t<p>Choose the location:<\/p>\t\t\t\t\t\t\t\t<\/div>\n\t\t\t\t<\/div>\n\t\t\t\t<\/div>\n\t\t<div class=\"elementor-element elementor-element-874ca87 e-con-full e-flex e-con e-child\" data-id=\"874ca87\" data-element_type=\"container\" data-e-type=\"container\">\n\t\t<div class=\"elementor-element elementor-element-ff4cf72 e-con-full e-flex e-con e-child\" data-id=\"ff4cf72\" data-element_type=\"container\" data-e-type=\"container\">\n\t\t\t\t<div class=\"elementor-element elementor-element-17f2703 elementor-align-justify elementor-widget elementor-widget-button\" data-id=\"17f2703\" data-element_type=\"widget\" data-e-type=\"widget\" data-widget_type=\"button.default\">\n\t\t\t\t<div class=\"elementor-widget-container\">\n\t\t\t\t\t\t\t\t\t<div class=\"elementor-button-wrapper\">\n\t\t\t\t\t<a class=\"elementor-button elementor-button-link elementor-size-sm\" href=\"https:\/\/masterclass.icarectg.com\/\">\n\t\t\t\t\t\t<span class=\"elementor-button-content-wrapper\">\n\t\t\t\t\t\t\t\t\t<span class=\"elementor-button-text\">Spain<\/span>\n\t\t\t\t\t<\/span>\n\t\t\t\t\t<\/a>\n\t\t\t\t<\/div>\n\t\t\t\t\t\t\t\t<\/div>\n\t\t\t\t<\/div>\n\t\t\t\t<\/div>\n\t\t<div class=\"elementor-element elementor-element-2cff0d6 e-con-full e-flex e-con e-child\" data-id=\"2cff0d6\" data-element_type=\"container\" data-e-type=\"container\">\n\t\t\t\t<div class=\"elementor-element elementor-element-55811b8 elementor-align-justify elementor-widget elementor-widget-button\" data-id=\"55811b8\" data-element_type=\"widget\" data-e-type=\"widget\" data-widget_type=\"button.default\">\n\t\t\t\t<div class=\"elementor-widget-container\">\n\t\t\t\t\t\t\t\t\t<div class=\"elementor-button-wrapper\">\n\t\t\t\t\t<a class=\"elementor-button elementor-button-link elementor-size-sm\" href=\"https:\/\/masterclass.icarectg.com\/\">\n\t\t\t\t\t\t<span class=\"elementor-button-content-wrapper\">\n\t\t\t\t\t\t\t\t\t<span class=\"elementor-button-text\">Portugal<\/span>\n\t\t\t\t\t<\/span>\n\t\t\t\t\t<\/a>\n\t\t\t\t<\/div>\n\t\t\t\t\t\t\t\t<\/div>\n\t\t\t\t<\/div>\n\t\t\t\t<\/div>\n\t\t\t\t<\/div>\n\t\t<div class=\"elementor-element elementor-element-68b2818 e-con-full e-flex e-con e-child\" data-id=\"68b2818\" data-element_type=\"container\" data-e-type=\"container\">\n\t\t<div class=\"elementor-element elementor-element-0da6d73 e-con-full e-flex e-con e-child\" data-id=\"0da6d73\" data-element_type=\"container\" data-e-type=\"container\">\n\t\t\t\t<div class=\"elementor-element elementor-element-2baaa29 elementor-align-justify elementor-widget elementor-widget-button\" data-id=\"2baaa29\" data-element_type=\"widget\" data-e-type=\"widget\" data-widget_type=\"button.default\">\n\t\t\t\t<div class=\"elementor-widget-container\">\n\t\t\t\t\t\t\t\t\t<div class=\"elementor-button-wrapper\">\n\t\t\t\t\t<a class=\"elementor-button elementor-button-link elementor-size-sm\" href=\"https:\/\/masterclass.icarectg.com\/\">\n\t\t\t\t\t\t<span class=\"elementor-button-content-wrapper\">\n\t\t\t\t\t\t\t\t\t<span class=\"elementor-button-text\">UK<\/span>\n\t\t\t\t\t<\/span>\n\t\t\t\t\t<\/a>\n\t\t\t\t<\/div>\n\t\t\t\t\t\t\t\t<\/div>\n\t\t\t\t<\/div>\n\t\t\t\t<\/div>\n\t\t<div class=\"elementor-element elementor-element-815d794 e-con-full e-flex e-con e-child\" data-id=\"815d794\" data-element_type=\"container\" data-e-type=\"container\">\n\t\t\t\t<div class=\"elementor-element elementor-element-d070daf elementor-align-justify elementor-widget elementor-widget-button\" data-id=\"d070daf\" data-element_type=\"widget\" data-e-type=\"widget\" data-widget_type=\"button.default\">\n\t\t\t\t<div class=\"elementor-widget-container\">\n\t\t\t\t\t\t\t\t\t<div class=\"elementor-button-wrapper\">\n\t\t\t\t\t<a class=\"elementor-button elementor-button-link elementor-size-sm\" href=\"https:\/\/masterclass.icarectg.com\/\">\n\t\t\t\t\t\t<span class=\"elementor-button-content-wrapper\">\n\t\t\t\t\t\t\t\t\t<span class=\"elementor-button-text\">American Continent<\/span>\n\t\t\t\t\t<\/span>\n\t\t\t\t\t<\/a>\n\t\t\t\t<\/div>\n\t\t\t\t\t\t\t\t<\/div>\n\t\t\t\t<\/div>\n\t\t\t\t<\/div>\n\t\t\t\t<\/div>\n\t\t\t\t\t<\/div>\n\t\t\t\t<\/div>\n\t\t\t\t<\/div>\n\t\t\t\t<\/div>\n\t\t","protected":false},"excerpt":{"rendered":"<p>Upcoming Masterclasses Choose the location: Spain Portugal UK American Continent<\/p>\n","protected":false},"author":1,"featured_media":0,"parent":0,"menu_order":0,"comment_status":"closed","ping_status":"closed","template":"","meta":{"footnotes":""},"class_list":["post-38329","page","type-page","status-publish","hentry"],"yoast_head":"<!-- This site is optimized with the Yoast SEO plugin v26.3 - https:\/\/yoast.com\/wordpress\/plugins\/seo\/ -->\n<title>Masterclass on Cardiotocographic Record Interpretation - icareCTG<\/title>\n<meta name=\"description\" content=\"Masterclass in cardiotocographic record interpretation. Analysis of cases and special situations.\" \/>\n<meta name=\"robots\" content=\"index, follow, max-snippet:-1, max-image-preview:large, max-video-preview:-1\" \/>\n<link rel=\"canonical\" href=\"https:\/\/www.icarectg.com\/en\/course-filter\/\" \/>\n<meta property=\"og:locale\" content=\"en_US\" \/>\n<meta property=\"og:type\" content=\"article\" \/>\n<meta property=\"og:title\" content=\"Masterclass on Cardiotocographic Record Interpretation - icareCTG\" \/>\n<meta property=\"og:description\" content=\"Masterclass in cardiotocographic record interpretation. Analysis of cases and special situations.\" \/>\n<meta property=\"og:url\" content=\"https:\/\/www.icarectg.com\/en\/course-filter\/\" \/>\n<meta property=\"og:site_name\" content=\"icareCTG\" \/>\n<meta property=\"article:modified_time\" content=\"2025-09-16T07:56:33+00:00\" \/>\n<meta name=\"twitter:card\" content=\"summary_large_image\" \/>\n<script type=\"application\/ld+json\" class=\"yoast-schema-graph\">{\"@context\":\"https:\/\/schema.org\",\"@graph\":[{\"@type\":\"WebPage\",\"@id\":\"https:\/\/www.icarectg.com\/en\/course-filter\/\",\"url\":\"https:\/\/www.icarectg.com\/en\/course-filter\/\",\"name\":\"Masterclass on Cardiotocographic Record Interpretation - icareCTG\",\"isPartOf\":{\"@id\":\"https:\/\/www.icarectg.com\/en\/#website\"},\"datePublished\":\"2025-02-17T15:03:04+00:00\",\"dateModified\":\"2025-09-16T07:56:33+00:00\",\"description\":\"Masterclass in cardiotocographic record interpretation. Analysis of cases and special situations.\",\"breadcrumb\":{\"@id\":\"https:\/\/www.icarectg.com\/en\/course-filter\/#breadcrumb\"},\"inLanguage\":\"en-US\",\"potentialAction\":[{\"@type\":\"ReadAction\",\"target\":[\"https:\/\/www.icarectg.com\/en\/course-filter\/\"]}]},{\"@type\":\"BreadcrumbList\",\"@id\":\"https:\/\/www.icarectg.com\/en\/course-filter\/#breadcrumb\",\"itemListElement\":[{\"@type\":\"ListItem\",\"position\":1,\"name\":\"Portada\",\"item\":\"https:\/\/www.icarectg.com\/en\/\"},{\"@type\":\"ListItem\",\"position\":2,\"name\":\"Course Filter\"}]},{\"@type\":\"WebSite\",\"@id\":\"https:\/\/www.icarectg.com\/en\/#website\",\"url\":\"https:\/\/www.icarectg.com\/en\/\",\"name\":\"icareCTG\",\"description\":\"Interpretaci\u00f3n de registros cardiotocogr\u00e1ficos (RCTG) basado en fisiopatolog\u00eda\",\"publisher\":{\"@id\":\"https:\/\/www.icarectg.com\/en\/#organization\"},\"potentialAction\":[{\"@type\":\"SearchAction\",\"target\":{\"@type\":\"EntryPoint\",\"urlTemplate\":\"https:\/\/www.icarectg.com\/en\/?s={search_term_string}\"},\"query-input\":{\"@type\":\"PropertyValueSpecification\",\"valueRequired\":true,\"valueName\":\"search_term_string\"}}],\"inLanguage\":\"en-US\"},{\"@type\":\"Organization\",\"@id\":\"https:\/\/www.icarectg.com\/en\/#organization\",\"name\":\"icareCTG\",\"url\":\"https:\/\/www.icarectg.com\/en\/\",\"logo\":{\"@type\":\"ImageObject\",\"inLanguage\":\"en-US\",\"@id\":\"https:\/\/www.icarectg.com\/en\/#\/schema\/logo\/image\/\",\"url\":\"https:\/\/www.icarectg.com\/wp-content\/uploads\/2025\/01\/Asset-5.svg\",\"contentUrl\":\"https:\/\/www.icarectg.com\/wp-content\/uploads\/2025\/01\/Asset-5.svg\",\"width\":411,\"height\":166,\"caption\":\"icareCTG\"},\"image\":{\"@id\":\"https:\/\/www.icarectg.com\/en\/#\/schema\/logo\/image\/\"}}]}<\/script>\n<!-- \/ Yoast SEO plugin. -->","yoast_head_json":{"title":"Masterclass on Cardiotocographic Record Interpretation - icareCTG","description":"Masterclass in cardiotocographic record interpretation. Analysis of cases and special situations.","robots":{"index":"index","follow":"follow","max-snippet":"max-snippet:-1","max-image-preview":"max-image-preview:large","max-video-preview":"max-video-preview:-1"},"canonical":"https:\/\/www.icarectg.com\/en\/course-filter\/","og_locale":"en_US","og_type":"article","og_title":"Masterclass on Cardiotocographic Record Interpretation - icareCTG","og_description":"Masterclass in cardiotocographic record interpretation. Analysis of cases and special situations.","og_url":"https:\/\/www.icarectg.com\/en\/course-filter\/","og_site_name":"icareCTG","article_modified_time":"2025-09-16T07:56:33+00:00","twitter_card":"summary_large_image","schema":{"@context":"https:\/\/schema.org","@graph":[{"@type":"WebPage","@id":"https:\/\/www.icarectg.com\/en\/course-filter\/","url":"https:\/\/www.icarectg.com\/en\/course-filter\/","name":"Masterclass on Cardiotocographic Record Interpretation - icareCTG","isPartOf":{"@id":"https:\/\/www.icarectg.com\/en\/#website"},"datePublished":"2025-02-17T15:03:04+00:00","dateModified":"2025-09-16T07:56:33+00:00","description":"Masterclass in cardiotocographic record interpretation. Analysis of cases and special situations.","breadcrumb":{"@id":"https:\/\/www.icarectg.com\/en\/course-filter\/#breadcrumb"},"inLanguage":"en-US","potentialAction":[{"@type":"ReadAction","target":["https:\/\/www.icarectg.com\/en\/course-filter\/"]}]},{"@type":"BreadcrumbList","@id":"https:\/\/www.icarectg.com\/en\/course-filter\/#breadcrumb","itemListElement":[{"@type":"ListItem","position":1,"name":"Portada","item":"https:\/\/www.icarectg.com\/en\/"},{"@type":"ListItem","position":2,"name":"Course Filter"}]},{"@type":"WebSite","@id":"https:\/\/www.icarectg.com\/en\/#website","url":"https:\/\/www.icarectg.com\/en\/","name":"icareCTG","description":"Interpretaci\u00f3n de registros cardiotocogr\u00e1ficos (RCTG) basado en fisiopatolog\u00eda","publisher":{"@id":"https:\/\/www.icarectg.com\/en\/#organization"},"potentialAction":[{"@type":"SearchAction","target":{"@type":"EntryPoint","urlTemplate":"https:\/\/www.icarectg.com\/en\/?s={search_term_string}"},"query-input":{"@type":"PropertyValueSpecification","valueRequired":true,"valueName":"search_term_string"}}],"inLanguage":"en-US"},{"@type":"Organization","@id":"https:\/\/www.icarectg.com\/en\/#organization","name":"icareCTG","url":"https:\/\/www.icarectg.com\/en\/","logo":{"@type":"ImageObject","inLanguage":"en-US","@id":"https:\/\/www.icarectg.com\/en\/#\/schema\/logo\/image\/","url":"https:\/\/www.icarectg.com\/wp-content\/uploads\/2025\/01\/Asset-5.svg","contentUrl":"https:\/\/www.icarectg.com\/wp-content\/uploads\/2025\/01\/Asset-5.svg","width":411,"height":166,"caption":"icareCTG"},"image":{"@id":"https:\/\/www.icarectg.com\/en\/#\/schema\/logo\/image\/"}}]}},"_links":{"self":[{"href":"https:\/\/www.icarectg.com\/en\/wp-json\/wp\/v2\/pages\/38329","targetHints":{"allow":["GET"]}}],"collection":[{"href":"https:\/\/www.icarectg.com\/en\/wp-json\/wp\/v2\/pages"}],"about":[{"href":"https:\/\/www.icarectg.com\/en\/wp-json\/wp\/v2\/types\/page"}],"author":[{"embeddable":true,"href":"https:\/\/www.icarectg.com\/en\/wp-json\/wp\/v2\/users\/1"}],"replies":[{"embeddable":true,"href":"https:\/\/www.icarectg.com\/en\/wp-json\/wp\/v2\/comments?post=38329"}],"version-history":[{"count":1,"href":"https:\/\/www.icarectg.com\/en\/wp-json\/wp\/v2\/pages\/38329\/revisions"}],"predecessor-version":[{"id":38331,"href":"https:\/\/www.icarectg.com\/en\/wp-json\/wp\/v2\/pages\/38329\/revisions\/38331"}],"wp:attachment":[{"href":"https:\/\/www.icarectg.com\/en\/wp-json\/wp\/v2\/media?parent=38329"}],"curies":[{"name":"wp","href":"https:\/\/api.w.org\/{rel}","templated":true}]}}